{"id":8239,"date":"2022-08-28T17:00:55","date_gmt":"2022-08-28T22:00:55","guid":{"rendered":"https:\/\/sitio.ce.com.co\/comunicacion-estrategica\/"},"modified":"2022-09-16T22:17:32","modified_gmt":"2022-09-17T03:17:32","slug":"comunicacao-estrategica","status":"publish","type":"page","link":"https:\/\/www.ce.com.co\/pt-br\/servicios\/comunicacao-estrategica\/","title":{"rendered":"Comunica\u00e7\u00e3o estrat\u00e9gica"},"content":{"rendered":"\t\t<div data-elementor-type=\"wp-page\" data-elementor-id=\"8239\" class=\"elementor elementor-8239 elementor-7102\" data-elementor-post-type=\"page\">\n\t\t\t\t\t\t<section class=\"elementor-section elementor-top-section elementor-element elementor-element-12009abe elementor-section-content-middle elementor-section-height-min-height elementor-section-boxed elementor-section-height-default elementor-section-items-middle\" data-id=\"12009abe\" data-element_type=\"section\" data-e-type=\"section\" data-settings=\"{&quot;background_background&quot;:&quot;classic&quot;}\">\n\t\t\t\t\t\t\t<div class=\"elementor-background-overlay\"><\/div>\n\t\t\t\t\t\t\t<div class=\"elementor-container elementor-column-gap-default\">\n\t\t\t\t\t<div class=\"elementor-column elementor-col-50 elementor-top-column elementor-element elementor-element-1b7047d4\" data-id=\"1b7047d4\" data-element_type=\"column\" data-e-type=\"column\">\n\t\t\t<div class=\"elementor-widget-wrap elementor-element-populated\">\n\t\t\t\t\t\t<div class=\"elementor-element elementor-element-53a4dd61 elementor-widget elementor-widget-hub_fancy_heading\" data-id=\"53a4dd61\" data-element_type=\"widget\" data-e-type=\"widget\" data-widget_type=\"hub_fancy_heading.default\">\n\t\t\t\t<div class=\"elementor-widget-container\">\n\t\t\t\t\t\n\t\t<div id=\"ld-fancy-heading-69e085a35f9aa\" class=\"ld-fancy-heading pos-rel\">\n\t\t\t<h1 class=\"ld-fh-element d-inline-block pos-rel  elementor-heading-title lqd-highlight-classic lqd-highlight-grow-left h1\"  > O que fazemos<\/h1>\t\t<\/div>\n\n\t\t\t\t\t\t<\/div>\n\t\t\t\t<\/div>\n\t\t\t\t\t<\/div>\n\t\t<\/div>\n\t\t\t\t<div class=\"elementor-column elementor-col-50 elementor-top-column elementor-element elementor-element-11a71387\" data-id=\"11a71387\" data-element_type=\"column\" data-e-type=\"column\">\n\t\t\t<div class=\"elementor-widget-wrap\">\n\t\t\t\t\t\t\t<\/div>\n\t\t<\/div>\n\t\t\t\t\t<\/div>\n\t\t<\/section>\n\t\t\t\t<section class=\"elementor-section elementor-top-section elementor-element elementor-element-75ec64e elementor-section-boxed elementor-section-height-default elementor-section-height-default\" data-id=\"75ec64e\" data-element_type=\"section\" data-e-type=\"section\">\n\t\t\t\t\t\t<div class=\"elementor-container elementor-column-gap-default\">\n\t\t\t\t\t<div class=\"lqd-css-sticky-column elementor-column elementor-col-50 elementor-top-column elementor-element elementor-element-5371d10\" style=\"--lqd-sticky-offset:30px\" data-id=\"5371d10\" data-element_type=\"column\" data-e-type=\"column\">\n\t\t\t<div class=\"elementor-widget-wrap elementor-element-populated\">\n\t\t\t\t\t\t<div class=\"elementor-element elementor-element-ce9fc9d elementor-widget elementor-widget-ld_custom_menu\" data-id=\"ce9fc9d\" data-element_type=\"widget\" data-e-type=\"widget\" data-widget_type=\"ld_custom_menu.default\">\n\t\t\t\t<div class=\"elementor-widget-container\">\n\t\t\t\t\t\n\t\t\t<div\t\t\t\tclass=\"lqd-fancy-menu lqd-custom-menu pos-rel menu-items-has-fill left lqd-menu-td-none\"\n\t\t\t\t\t\t\t>\n\t\t\t\n\t\t\t\t\t\t<ul id=\"lqd-custom-menu-ce9fc9d\" class=\"reset-ul   \" itemtype=\"http:\/\/schema.org\/SiteNavigationElement\" itemscope=\"itemscope\"><li id=\"menu-item-8381\" class=\"menu-item menu-item-type-post_type menu-item-object-page menu-item-8381\"><a href=\"https:\/\/www.ce.com.co\/pt-br\/servicios\/experiencias-de-marca\/\">Experi\u00eancias de marca<\/a><\/li>\n<li id=\"menu-item-8382\" class=\"menu-item menu-item-type-post_type menu-item-object-page menu-item-8382\"><a href=\"https:\/\/www.ce.com.co\/pt-br\/servicios\/eventos-e-congressos\/\">Eventos e Congressos<\/a><\/li>\n<li id=\"menu-item-8383\" class=\"menu-item menu-item-type-post_type menu-item-object-page menu-item-8383\"><a href=\"https:\/\/www.ce.com.co\/pt-br\/servicios\/comunicacao-estrategica\/\">Comunica\u00e7\u00e3o estrat\u00e9gica<\/a><\/li>\n<li id=\"menu-item-8384\" class=\"menu-item menu-item-type-post_type menu-item-object-page menu-item-8384\"><a href=\"https:\/\/www.ce.com.co\/pt-br\/servicios\/feiras-e-exposicoes\/\">Feiras e Exposi\u00e7\u00f5es<\/a><\/li>\n<li id=\"menu-item-8385\" class=\"menu-item menu-item-type-post_type menu-item-object-page menu-item-8385\"><a href=\"https:\/\/www.ce.com.co\/pt-br\/servicios\/convencoes-e-viagens-de-incentivo\/\">Conven\u00e7\u00f5es e viagens de incentivo<\/a><\/li>\n<li id=\"menu-item-8386\" class=\"menu-item menu-item-type-post_type menu-item-object-page menu-item-8386\"><a href=\"https:\/\/www.ce.com.co\/pt-br\/servicios\/eventos-e-plataformas-virtuais\/\">Eventos e plataformas virtuais<\/a><\/li>\n<\/ul>\t\t\t\t\t\t\t\t\t<\/div>\n\t\t\t\t\t\t<\/div>\n\t\t\t\t<\/div>\n\t\t\t\t\t<\/div>\n\t\t<\/div>\n\t\t\t\t<div class=\"elementor-column elementor-col-50 elementor-top-column elementor-element elementor-element-09fd192\" data-id=\"09fd192\" data-element_type=\"column\" data-e-type=\"column\">\n\t\t\t<div class=\"elementor-widget-wrap elementor-element-populated\">\n\t\t\t\t\t\t<div class=\"elementor-element elementor-element-beeea2f elementor-widget elementor-widget-hub_fancy_heading lqd-el-has-inner-anim\" data-id=\"beeea2f\" data-element_type=\"widget\" data-e-type=\"widget\" data-settings=\"{&quot;enable_split&quot;:&quot;true&quot;,&quot;split_type&quot;:&quot;words&quot;}\" data-widget_type=\"hub_fancy_heading.default\">\n\t\t\t\t<div class=\"elementor-widget-container\">\n\t\t\t\t\t\n\t\t<div id=\"ld-fancy-heading-69e085a36f853\" class=\"ld-fancy-heading pos-rel\">\n\t\t\t<h2 class=\"ld-fh-element d-inline-block pos-rel  elementor-heading-title lqd-highlight-classic lqd-highlight-grow-left lqd-split-words h2\"  data-split-text=\"true\" data-split-options='{\"type\":\"words\"}'> Aliamos conhecimento e tecnologia para desenvolver estrat\u00e9gias de comunica\u00e7\u00e3o para seu p\u00fablico-alvo.<\/h2>\t\t<\/div>\n\n\t\t\t\t\t\t<\/div>\n\t\t\t\t<\/div>\n\t\t\t\t<div class=\"elementor-element elementor-element-4c2b35f elementor-widget elementor-widget-text-editor\" data-id=\"4c2b35f\" data-element_type=\"widget\" data-e-type=\"widget\" data-widget_type=\"text-editor.default\">\n\t\t\t\t<div class=\"elementor-widget-container\">\n\t\t\t\t\t\t\t\t\t<p>A comunica\u00e7\u00e3o estrat\u00e9gica combina os intang\u00edveis da organiza\u00e7\u00e3o, incorporando elementos de comunica\u00e7\u00e3o como parte da estrat\u00e9gia.<\/p><p>Estudamos os p\u00fablicos para combinar canais de comunica\u00e7\u00e3o e metodologias que nos permitem nos posicionar estrategicamente no top of mind dos consumidores, entendendo as mudan\u00e7as e as formas de comunica\u00e7\u00e3o.<\/p>\t\t\t\t\t\t\t\t<\/div>\n\t\t\t\t<\/div>\n\t\t\t\t<div class=\"elementor-element elementor-element-d87dd71 elementor-widget-divider--view-line elementor-widget elementor-widget-divider\" data-id=\"d87dd71\" data-element_type=\"widget\" data-e-type=\"widget\" data-widget_type=\"divider.default\">\n\t\t\t\t<div class=\"elementor-widget-container\">\n\t\t\t\t\t\t\t<div class=\"elementor-divider\">\n\t\t\t<span class=\"elementor-divider-separator\">\n\t\t\t\t\t\t<\/span>\n\t\t<\/div>\n\t\t\t\t\t\t<\/div>\n\t\t\t\t<\/div>\n\t\t\t\t<div class=\"elementor-element elementor-element-9a8956b elementor-widget elementor-widget-hub_fancy_heading\" data-id=\"9a8956b\" data-element_type=\"widget\" data-e-type=\"widget\" data-widget_type=\"hub_fancy_heading.default\">\n\t\t\t\t<div class=\"elementor-widget-container\">\n\t\t\t\t\t\n\t\t<div id=\"ld-fancy-heading-69e085a371d6b\" class=\"ld-fancy-heading pos-rel\">\n\t\t\t<h2 class=\"ld-fh-element d-inline-block pos-rel  elementor-heading-title lqd-highlight-classic lqd-highlight-grow-left h2\"  data-text-rotator=\"true\" data-inview=\"true\" data-transition-delay=\"true\" data-delay-options=\"{&quot;elements&quot;:&quot;.lqd-highlight-inner&quot;,&quot;delayType&quot;:&quot;transition&quot;}\" >  <span class=\"txt-rotate-keywords\"><span class=\"txt-rotate-keyword active\" ><span> N\u00f3s organizamos<\/span><\/span><span class=\"txt-rotate-keyword\" ><span> N\u00f3s projetamos<\/span><\/span><span class=\"txt-rotate-keyword\" ><span> N\u00f3s planejamos<\/span><\/span><span class=\"txt-rotate-keyword\" ><span>N\u00f3s executamos<\/span><\/span><\/span><\/h2>\t\t<\/div>\n\n\t\t\t\t\t\t<\/div>\n\t\t\t\t<\/div>\n\t\t\t\t<section class=\"elementor-section elementor-inner-section elementor-element elementor-element-cf3c5f1 elementor-section-boxed elementor-section-height-default elementor-section-height-default\" data-id=\"cf3c5f1\" data-element_type=\"section\" data-e-type=\"section\">\n\t\t\t\t\t\t\t<div class=\"elementor-background-overlay\"><\/div>\n\t\t\t\t\t\t\t<div class=\"elementor-container elementor-column-gap-default\">\n\t\t\t\t\t<div class=\"elementor-column elementor-col-50 elementor-inner-column elementor-element elementor-element-2e58b6f\" data-id=\"2e58b6f\" data-element_type=\"column\" data-e-type=\"column\">\n\t\t\t<div class=\"elementor-widget-wrap elementor-element-populated\">\n\t\t\t\t\t\t<div class=\"elementor-element elementor-element-bf5d70b elementor-widget elementor-widget-ld_list\" data-id=\"bf5d70b\" data-element_type=\"widget\" data-e-type=\"widget\" data-widget_type=\"ld_list.default\">\n\t\t\t\t<div class=\"elementor-widget-container\">\n\t\t\t\t\t\t\t\n\t\t<div class=\"lqd-bullet-list\">\n\t\t\t<ul class=\"bullet-list-ul reset-ul \">\n\t\t\t\t\t\t\t\t\t\t<li class=\"d-flex align-items-center\">Marca<\/li>\n\t\t\t\t\t\t\t\t\t\t<li class=\"d-flex align-items-center\">Posicionamento<\/li>\n\t\t\t\t\t\t\t\t\t\t<li class=\"d-flex align-items-center\">Responsabilidade social corporativa<\/li>\n\t\t\t\t\t\t\t\t\t\t<li class=\"d-flex align-items-center\">Transforma\u00e7\u00e3o digital<\/li>\n\t\t\t\t\t\t\t<\/ul>\n\t\t<\/div>\n\n\t\t\t\t\t\t<\/div>\n\t\t\t\t<\/div>\n\t\t\t\t\t<\/div>\n\t\t<\/div>\n\t\t\t\t<div class=\"elementor-column elementor-col-50 elementor-inner-column elementor-element elementor-element-16e0250\" data-id=\"16e0250\" data-element_type=\"column\" data-e-type=\"column\">\n\t\t\t<div class=\"elementor-widget-wrap elementor-element-populated\">\n\t\t\t\t\t\t<div class=\"elementor-element elementor-element-5d4e9de elementor-widget elementor-widget-ld_list\" data-id=\"5d4e9de\" data-element_type=\"widget\" data-e-type=\"widget\" data-widget_type=\"ld_list.default\">\n\t\t\t\t<div class=\"elementor-widget-container\">\n\t\t\t\t\t\t\t\n\t\t<div class=\"lqd-bullet-list\">\n\t\t\t<ul class=\"bullet-list-ul reset-ul \">\n\t\t\t\t\t\t\t\t\t\t<li class=\"d-flex align-items-center\"> Comunica\u00e7ao organizacional<\/li>\n\t\t\t\t\t\t\t\t\t\t<li class=\"d-flex align-items-center\">Transpar\u00eancia<\/li>\n\t\t\t\t\t\t\t\t\t\t<li class=\"d-flex align-items-center\">Reputa\u00e7\u00e3o da marca<\/li>\n\t\t\t\t\t\t\t\t\t\t<li class=\"d-flex align-items-center\">Gerenciamento de crise<\/li>\n\t\t\t\t\t\t\t<\/ul>\n\t\t<\/div>\n\n\t\t\t\t\t\t<\/div>\n\t\t\t\t<\/div>\n\t\t\t\t\t<\/div>\n\t\t<\/div>\n\t\t\t\t\t<\/div>\n\t\t<\/section>\n\t\t\t\t<div class=\"elementor-element elementor-element-7409707 elementor-widget-divider--view-line elementor-widget elementor-widget-divider\" data-id=\"7409707\" data-element_type=\"widget\" data-e-type=\"widget\" data-widget_type=\"divider.default\">\n\t\t\t\t<div class=\"elementor-widget-container\">\n\t\t\t\t\t\t\t<div class=\"elementor-divider\">\n\t\t\t<span class=\"elementor-divider-separator\">\n\t\t\t\t\t\t<\/span>\n\t\t<\/div>\n\t\t\t\t\t\t<\/div>\n\t\t\t\t<\/div>\n\t\t\t\t\t<\/div>\n\t\t<\/div>\n\t\t\t\t\t<\/div>\n\t\t<\/section>\n\t\t\t\t<\/div>\n\t\t","protected":false},"excerpt":{"rendered":"<p>O que fazemos Experiencias de Marca Eventos y Congresos Comunicaci\u00f3n Estrategica Ferias y Exposiciones Convenciones y Viajes de Incentivos Eventos Virtuales y Plataformas Aliamos conhecimento e tecnologia para desenvolver estrat\u00e9gias de comunica\u00e7\u00e3o para seu p\u00fablico-alvo. A comunica\u00e7\u00e3o estrat\u00e9gica combina os intang\u00edveis da organiza\u00e7\u00e3o, incorporando elementos de comunica\u00e7\u00e3o como parte da estrat\u00e9gia. Estudamos os p\u00fablicos para [&hellip;]<\/p>\n","protected":false},"author":1,"featured_media":0,"parent":8241,"menu_order":0,"comment_status":"closed","ping_status":"closed","template":"","meta":{"footnotes":""},"class_list":["post-8239","page","type-page","status-publish","hentry"],"yoast_head":"<!-- This site is optimized with the Yoast SEO plugin v27.0 - https:\/\/yoast.com\/product\/yoast-seo-wordpress\/ -->\n<title>Comunica\u00e7\u00e3o estrat\u00e9gica - Comunicaciones Efectivas<\/title>\n<meta name=\"robots\" content=\"index, follow, max-snippet:-1, max-image-preview:large, max-video-preview:-1\" \/>\n<link rel=\"canonical\" href=\"https:\/\/www.ce.com.co\/pt-br\/servicios\/comunicacao-estrategica\/\" \/>\n<meta property=\"og:locale\" content=\"pt_BR\" \/>\n<meta property=\"og:type\" content=\"article\" \/>\n<meta property=\"og:title\" content=\"Comunica\u00e7\u00e3o estrat\u00e9gica - Comunicaciones Efectivas\" \/>\n<meta property=\"og:description\" content=\"O que fazemos Experiencias de Marca Eventos y Congresos Comunicaci\u00f3n Estrategica Ferias y Exposiciones Convenciones y Viajes de Incentivos Eventos Virtuales y Plataformas Aliamos conhecimento e tecnologia para desenvolver estrat\u00e9gias de comunica\u00e7\u00e3o para seu p\u00fablico-alvo. A comunica\u00e7\u00e3o estrat\u00e9gica combina os intang\u00edveis da organiza\u00e7\u00e3o, incorporando elementos de comunica\u00e7\u00e3o como parte da estrat\u00e9gia. Estudamos os p\u00fablicos para [&hellip;]\" \/>\n<meta property=\"og:url\" content=\"https:\/\/www.ce.com.co\/pt-br\/servicios\/comunicacao-estrategica\/\" \/>\n<meta property=\"og:site_name\" content=\"Comunicaciones Efectivas\" \/>\n<meta property=\"article:publisher\" content=\"https:\/\/www.facebook.com\/comunicaciones.efectivas\/\" \/>\n<meta property=\"article:modified_time\" content=\"2022-09-17T03:17:32+00:00\" \/>\n<meta name=\"twitter:card\" content=\"summary_large_image\" \/>\n<meta name=\"twitter:site\" content=\"@cefectivas\" \/>\n<meta name=\"twitter:label1\" content=\"Est. tempo de leitura\" \/>\n\t<meta name=\"twitter:data1\" content=\"1 minuto\" \/>\n<script type=\"application\/ld+json\" class=\"yoast-schema-graph\">{\"@context\":\"https:\/\/schema.org\",\"@graph\":[{\"@type\":\"WebPage\",\"@id\":\"https:\/\/www.ce.com.co\/pt-br\/servicios\/comunicacao-estrategica\/\",\"url\":\"https:\/\/www.ce.com.co\/pt-br\/servicios\/comunicacao-estrategica\/\",\"name\":\"Comunica\u00e7\u00e3o estrat\u00e9gica - Comunicaciones Efectivas\",\"isPartOf\":{\"@id\":\"https:\/\/www.ce.com.co\/pt-br\/#website\"},\"datePublished\":\"2022-08-28T22:00:55+00:00\",\"dateModified\":\"2022-09-17T03:17:32+00:00\",\"breadcrumb\":{\"@id\":\"https:\/\/www.ce.com.co\/pt-br\/servicios\/comunicacao-estrategica\/#breadcrumb\"},\"inLanguage\":\"pt-BR\",\"potentialAction\":[{\"@type\":\"ReadAction\",\"target\":[\"https:\/\/www.ce.com.co\/pt-br\/servicios\/comunicacao-estrategica\/\"]}]},{\"@type\":\"BreadcrumbList\",\"@id\":\"https:\/\/www.ce.com.co\/pt-br\/servicios\/comunicacao-estrategica\/#breadcrumb\",\"itemListElement\":[{\"@type\":\"ListItem\",\"position\":1,\"name\":\"Inicio\",\"item\":\"https:\/\/www.ce.com.co\/pt-br\/\"},{\"@type\":\"ListItem\",\"position\":2,\"name\":\"Servi\u00e7os\",\"item\":\"https:\/\/www.ce.com.co\/pt-br\/servicios\/\"},{\"@type\":\"ListItem\",\"position\":3,\"name\":\"Comunica\u00e7\u00e3o estrat\u00e9gica\"}]},{\"@type\":\"WebSite\",\"@id\":\"https:\/\/www.ce.com.co\/pt-br\/#website\",\"url\":\"https:\/\/www.ce.com.co\/pt-br\/\",\"name\":\"Comunicaciones Efectivas\",\"description\":\"Comunicaciones Efectivas \u2013 Somos una organizaci\u00f3n con m\u00e1s de 30 a\u00f1os de experiencia ofreciendo soluciones para gesti\u00f3n y organizaci\u00f3n profesional de congresos, eventos, reuniones, convenciones y viajes de incentivos para asociaciones, agencias\/entes gubernamentales y empresas del sector privado.\",\"publisher\":{\"@id\":\"https:\/\/www.ce.com.co\/pt-br\/#organization\"},\"potentialAction\":[{\"@type\":\"SearchAction\",\"target\":{\"@type\":\"EntryPoint\",\"urlTemplate\":\"https:\/\/www.ce.com.co\/pt-br\/?s={search_term_string}\"},\"query-input\":{\"@type\":\"PropertyValueSpecification\",\"valueRequired\":true,\"valueName\":\"search_term_string\"}}],\"inLanguage\":\"pt-BR\"},{\"@type\":\"Organization\",\"@id\":\"https:\/\/www.ce.com.co\/pt-br\/#organization\",\"name\":\"Comunicaciones Efectivas\",\"url\":\"https:\/\/www.ce.com.co\/pt-br\/\",\"logo\":{\"@type\":\"ImageObject\",\"inLanguage\":\"pt-BR\",\"@id\":\"https:\/\/www.ce.com.co\/pt-br\/#\/schema\/logo\/image\/\",\"url\":\"https:\/\/www.ce.com.co\/wp-content\/uploads\/2021\/08\/220809-logo.png\",\"contentUrl\":\"https:\/\/www.ce.com.co\/wp-content\/uploads\/2021\/08\/220809-logo.png\",\"width\":400,\"height\":400,\"caption\":\"Comunicaciones Efectivas\"},\"image\":{\"@id\":\"https:\/\/www.ce.com.co\/pt-br\/#\/schema\/logo\/image\/\"},\"sameAs\":[\"https:\/\/www.facebook.com\/comunicaciones.efectivas\/\",\"https:\/\/x.com\/cefectivas\"]}]}<\/script>\n<!-- \/ Yoast SEO plugin. -->","yoast_head_json":{"title":"Comunica\u00e7\u00e3o estrat\u00e9gica - Comunicaciones Efectivas","robots":{"index":"index","follow":"follow","max-snippet":"max-snippet:-1","max-image-preview":"max-image-preview:large","max-video-preview":"max-video-preview:-1"},"canonical":"https:\/\/www.ce.com.co\/pt-br\/servicios\/comunicacao-estrategica\/","og_locale":"pt_BR","og_type":"article","og_title":"Comunica\u00e7\u00e3o estrat\u00e9gica - Comunicaciones Efectivas","og_description":"O que fazemos Experiencias de Marca Eventos y Congresos Comunicaci\u00f3n Estrategica Ferias y Exposiciones Convenciones y Viajes de Incentivos Eventos Virtuales y Plataformas Aliamos conhecimento e tecnologia para desenvolver estrat\u00e9gias de comunica\u00e7\u00e3o para seu p\u00fablico-alvo. A comunica\u00e7\u00e3o estrat\u00e9gica combina os intang\u00edveis da organiza\u00e7\u00e3o, incorporando elementos de comunica\u00e7\u00e3o como parte da estrat\u00e9gia. Estudamos os p\u00fablicos para [&hellip;]","og_url":"https:\/\/www.ce.com.co\/pt-br\/servicios\/comunicacao-estrategica\/","og_site_name":"Comunicaciones Efectivas","article_publisher":"https:\/\/www.facebook.com\/comunicaciones.efectivas\/","article_modified_time":"2022-09-17T03:17:32+00:00","twitter_card":"summary_large_image","twitter_site":"@cefectivas","twitter_misc":{"Est. tempo de leitura":"1 minuto"},"schema":{"@context":"https:\/\/schema.org","@graph":[{"@type":"WebPage","@id":"https:\/\/www.ce.com.co\/pt-br\/servicios\/comunicacao-estrategica\/","url":"https:\/\/www.ce.com.co\/pt-br\/servicios\/comunicacao-estrategica\/","name":"Comunica\u00e7\u00e3o estrat\u00e9gica - Comunicaciones Efectivas","isPartOf":{"@id":"https:\/\/www.ce.com.co\/pt-br\/#website"},"datePublished":"2022-08-28T22:00:55+00:00","dateModified":"2022-09-17T03:17:32+00:00","breadcrumb":{"@id":"https:\/\/www.ce.com.co\/pt-br\/servicios\/comunicacao-estrategica\/#breadcrumb"},"inLanguage":"pt-BR","potentialAction":[{"@type":"ReadAction","target":["https:\/\/www.ce.com.co\/pt-br\/servicios\/comunicacao-estrategica\/"]}]},{"@type":"BreadcrumbList","@id":"https:\/\/www.ce.com.co\/pt-br\/servicios\/comunicacao-estrategica\/#breadcrumb","itemListElement":[{"@type":"ListItem","position":1,"name":"Inicio","item":"https:\/\/www.ce.com.co\/pt-br\/"},{"@type":"ListItem","position":2,"name":"Servi\u00e7os","item":"https:\/\/www.ce.com.co\/pt-br\/servicios\/"},{"@type":"ListItem","position":3,"name":"Comunica\u00e7\u00e3o estrat\u00e9gica"}]},{"@type":"WebSite","@id":"https:\/\/www.ce.com.co\/pt-br\/#website","url":"https:\/\/www.ce.com.co\/pt-br\/","name":"Comunicaciones Efectivas","description":"Comunicaciones Efectivas \u2013 Somos una organizaci\u00f3n con m\u00e1s de 30 a\u00f1os de experiencia ofreciendo soluciones para gesti\u00f3n y organizaci\u00f3n profesional de congresos, eventos, reuniones, convenciones y viajes de incentivos para asociaciones, agencias\/entes gubernamentales y empresas del sector privado.","publisher":{"@id":"https:\/\/www.ce.com.co\/pt-br\/#organization"},"potentialAction":[{"@type":"SearchAction","target":{"@type":"EntryPoint","urlTemplate":"https:\/\/www.ce.com.co\/pt-br\/?s={search_term_string}"},"query-input":{"@type":"PropertyValueSpecification","valueRequired":true,"valueName":"search_term_string"}}],"inLanguage":"pt-BR"},{"@type":"Organization","@id":"https:\/\/www.ce.com.co\/pt-br\/#organization","name":"Comunicaciones Efectivas","url":"https:\/\/www.ce.com.co\/pt-br\/","logo":{"@type":"ImageObject","inLanguage":"pt-BR","@id":"https:\/\/www.ce.com.co\/pt-br\/#\/schema\/logo\/image\/","url":"https:\/\/www.ce.com.co\/wp-content\/uploads\/2021\/08\/220809-logo.png","contentUrl":"https:\/\/www.ce.com.co\/wp-content\/uploads\/2021\/08\/220809-logo.png","width":400,"height":400,"caption":"Comunicaciones Efectivas"},"image":{"@id":"https:\/\/www.ce.com.co\/pt-br\/#\/schema\/logo\/image\/"},"sameAs":["https:\/\/www.facebook.com\/comunicaciones.efectivas\/","https:\/\/x.com\/cefectivas"]}]}},"_links":{"self":[{"href":"https:\/\/www.ce.com.co\/pt-br\/wp-json\/wp\/v2\/pages\/8239","targetHints":{"allow":["GET"]}}],"collection":[{"href":"https:\/\/www.ce.com.co\/pt-br\/wp-json\/wp\/v2\/pages"}],"about":[{"href":"https:\/\/www.ce.com.co\/pt-br\/wp-json\/wp\/v2\/types\/page"}],"author":[{"embeddable":true,"href":"https:\/\/www.ce.com.co\/pt-br\/wp-json\/wp\/v2\/users\/1"}],"replies":[{"embeddable":true,"href":"https:\/\/www.ce.com.co\/pt-br\/wp-json\/wp\/v2\/comments?post=8239"}],"version-history":[{"count":6,"href":"https:\/\/www.ce.com.co\/pt-br\/wp-json\/wp\/v2\/pages\/8239\/revisions"}],"predecessor-version":[{"id":8562,"href":"https:\/\/www.ce.com.co\/pt-br\/wp-json\/wp\/v2\/pages\/8239\/revisions\/8562"}],"up":[{"embeddable":true,"href":"https:\/\/www.ce.com.co\/pt-br\/wp-json\/wp\/v2\/pages\/8241"}],"wp:attachment":[{"href":"https:\/\/www.ce.com.co\/pt-br\/wp-json\/wp\/v2\/media?parent=8239"}],"curies":[{"name":"wp","href":"https:\/\/api.w.org\/{rel}","templated":true}]}}