{"id":8344,"date":"2022-09-12T19:27:10","date_gmt":"2022-09-13T00:27:10","guid":{"rendered":"https:\/\/sitio.ce.com.co\/vacante\/"},"modified":"2022-09-17T09:45:50","modified_gmt":"2022-09-17T14:45:50","slug":"careers","status":"publish","type":"page","link":"https:\/\/www.ce.com.co\/en\/careers\/","title":{"rendered":"Careers"},"content":{"rendered":"\t\t<div data-elementor-type=\"wp-page\" data-elementor-id=\"8344\" class=\"elementor elementor-8344 elementor-8331\" data-elementor-post-type=\"page\">\n\t\t\t\t\t\t<section class=\"elementor-section elementor-top-section elementor-element elementor-element-785b1104 elementor-section-height-min-height elementor-section-boxed elementor-section-height-default elementor-section-items-middle\" data-id=\"785b1104\" data-element_type=\"section\" data-e-type=\"section\" data-settings=\"{&quot;background_background&quot;:&quot;classic&quot;}\">\n\t\t\t\t\t\t<div class=\"elementor-container elementor-column-gap-default\">\n\t\t\t\t\t<div class=\"elementor-column elementor-col-50 elementor-top-column elementor-element elementor-element-66225364\" data-id=\"66225364\" data-element_type=\"column\" data-e-type=\"column\">\n\t\t\t<div class=\"elementor-widget-wrap elementor-element-populated\">\n\t\t\t\t\t\t<div class=\"elementor-element elementor-element-2e6ab590 elementor-widget elementor-widget-hub_fancy_heading\" data-id=\"2e6ab590\" data-element_type=\"widget\" data-e-type=\"widget\" data-widget_type=\"hub_fancy_heading.default\">\n\t\t\t\t<div class=\"elementor-widget-container\">\n\t\t\t\t\t\n\t\t<div id=\"ld-fancy-heading-69e08076ae014\" class=\"ld-fancy-heading pos-rel\">\n\t\t\t<h2 class=\"ld-fh-element d-inline-block pos-rel  elementor-heading-title lqd-highlight-classic lqd-highlight-grow-left h2\"  > \nLet's talk about<\/h2>\t\t<\/div>\n\n\t\t\t\t\t\t<\/div>\n\t\t\t\t<\/div>\n\t\t\t\t<div class=\"elementor-element elementor-element-5d644c6d elementor-widget elementor-widget-hub_fancy_heading\" data-id=\"5d644c6d\" data-element_type=\"widget\" data-e-type=\"widget\" data-widget_type=\"hub_fancy_heading.default\">\n\t\t\t\t<div class=\"elementor-widget-container\">\n\t\t\t\t\t\n\t\t<div id=\"ld-fancy-heading-69e08076af81f\" class=\"ld-fancy-heading pos-rel\">\n\t\t\t<h2 class=\"ld-fh-element d-inline-block pos-rel  elementor-heading-title lqd-highlight-classic lqd-highlight-grow-left h2\"  data-inview=\"true\" data-transition-delay=\"true\" data-delay-options=\"{&quot;elements&quot;:&quot;.lqd-highlight-inner&quot;,&quot;delayType&quot;:&quot;transition&quot;}\" > <span style=\"font-family: 'DM Serif Text', serif;font-style: italic\"><mark class=\"lqd-highlight\"><span class=\"lqd-highlight-txt\"  > \nyour career. <\/span><span class=\"lqd-highlight-inner\"><\/span><\/mark> <\/span><\/h2>\t\t<\/div>\n\n\t\t\t\t\t\t<\/div>\n\t\t\t\t<\/div>\n\t\t\t\t<div class=\"elementor-element elementor-element-41f5c428 elementor-widget elementor-widget-hub_fancy_heading\" data-id=\"41f5c428\" data-element_type=\"widget\" data-e-type=\"widget\" data-widget_type=\"hub_fancy_heading.default\">\n\t\t\t\t<div class=\"elementor-widget-container\">\n\t\t\t\t\t\n\t\t<div id=\"ld-fancy-heading-69e08076b153e\" class=\"ld-fancy-heading pos-rel\">\n\t\t\t<p class=\"ld-fh-element d-inline-block pos-rel  lqd-highlight-classic lqd-highlight-grow-left p\"  > \nWould you like to join our team?<\/p>\t\t<\/div>\n\n\t\t\t\t\t\t<\/div>\n\t\t\t\t<\/div>\n\t\t\t\t\t<\/div>\n\t\t<\/div>\n\t\t\t\t<div class=\"elementor-column elementor-col-50 elementor-top-column elementor-element elementor-element-537e1a24\" data-id=\"537e1a24\" data-element_type=\"column\" data-e-type=\"column\" data-settings=\"{&quot;background_background&quot;:&quot;classic&quot;}\">\n\t\t\t<div class=\"elementor-widget-wrap elementor-element-populated\">\n\t\t\t\t\t\t<div class=\"elementor-element elementor-element-3dd3102 elementor-widget elementor-widget-html\" data-id=\"3dd3102\" data-element_type=\"widget\" data-e-type=\"widget\" id=\"formulario-contactor\" data-widget_type=\"html.default\">\n\t\t\t\t<div class=\"elementor-widget-container\">\n\t\t\t\t\t<script src=\"https:\/\/www.infowisesolutions.com\/apps\/uf\/form\/script\"><\/script>\n<script>\nvar formSettings={id:'1c5331de-59d1-4e81-a566-3a5ed80251bd', external: false, type:'New'};\n<\/script>\n<div id=\"iw_formRoot\"><\/div>\t\t\t\t<\/div>\n\t\t\t\t<\/div>\n\t\t\t\t\t<\/div>\n\t\t<\/div>\n\t\t\t\t\t<\/div>\n\t\t<\/section>\n\t\t\t\t<\/div>\n\t\t","protected":false},"excerpt":{"rendered":"<p>Let&#8217;s talk about your career. Would you like to join our team?<\/p>\n","protected":false},"author":1,"featured_media":0,"parent":0,"menu_order":0,"comment_status":"closed","ping_status":"closed","template":"elementor_canvas","meta":{"footnotes":""},"class_list":["post-8344","page","type-page","status-publish","hentry"],"yoast_head":"<!-- This site is optimized with the Yoast SEO plugin v27.0 - https:\/\/yoast.com\/product\/yoast-seo-wordpress\/ -->\n<title>Careers - Comunicaciones Efectivas<\/title>\n<meta name=\"robots\" content=\"index, follow, max-snippet:-1, max-image-preview:large, max-video-preview:-1\" \/>\n<link rel=\"canonical\" href=\"https:\/\/www.ce.com.co\/en\/careers\/\" \/>\n<meta property=\"og:locale\" content=\"en_US\" \/>\n<meta property=\"og:type\" content=\"article\" \/>\n<meta property=\"og:title\" content=\"Careers - Comunicaciones Efectivas\" \/>\n<meta property=\"og:description\" content=\"Let&#8217;s talk about your career. Would you like to join our team?\" \/>\n<meta property=\"og:url\" content=\"https:\/\/www.ce.com.co\/en\/careers\/\" \/>\n<meta property=\"og:site_name\" content=\"Comunicaciones Efectivas\" \/>\n<meta property=\"article:publisher\" content=\"https:\/\/www.facebook.com\/comunicaciones.efectivas\/\" \/>\n<meta property=\"article:modified_time\" content=\"2022-09-17T14:45:50+00:00\" \/>\n<meta name=\"twitter:card\" content=\"summary_large_image\" \/>\n<meta name=\"twitter:site\" content=\"@cefectivas\" \/>\n<meta name=\"twitter:label1\" content=\"Est. reading time\" \/>\n\t<meta name=\"twitter:data1\" content=\"1 minute\" \/>\n<script type=\"application\/ld+json\" class=\"yoast-schema-graph\">{\"@context\":\"https:\/\/schema.org\",\"@graph\":[{\"@type\":\"WebPage\",\"@id\":\"https:\/\/www.ce.com.co\/en\/careers\/\",\"url\":\"https:\/\/www.ce.com.co\/en\/careers\/\",\"name\":\"Careers - Comunicaciones Efectivas\",\"isPartOf\":{\"@id\":\"https:\/\/www.ce.com.co\/en\/#website\"},\"datePublished\":\"2022-09-13T00:27:10+00:00\",\"dateModified\":\"2022-09-17T14:45:50+00:00\",\"breadcrumb\":{\"@id\":\"https:\/\/www.ce.com.co\/en\/careers\/#breadcrumb\"},\"inLanguage\":\"en-US\",\"potentialAction\":[{\"@type\":\"ReadAction\",\"target\":[\"https:\/\/www.ce.com.co\/en\/careers\/\"]}]},{\"@type\":\"BreadcrumbList\",\"@id\":\"https:\/\/www.ce.com.co\/en\/careers\/#breadcrumb\",\"itemListElement\":[{\"@type\":\"ListItem\",\"position\":1,\"name\":\"Inicio\",\"item\":\"https:\/\/www.ce.com.co\/en\/\"},{\"@type\":\"ListItem\",\"position\":2,\"name\":\"Careers\"}]},{\"@type\":\"WebSite\",\"@id\":\"https:\/\/www.ce.com.co\/en\/#website\",\"url\":\"https:\/\/www.ce.com.co\/en\/\",\"name\":\"Comunicaciones Efectivas\",\"description\":\"Comunicaciones Efectivas \u2013 Somos una organizaci\u00f3n con m\u00e1s de 30 a\u00f1os de experiencia ofreciendo soluciones para gesti\u00f3n y organizaci\u00f3n profesional de congresos, eventos, reuniones, convenciones y viajes de incentivos para asociaciones, agencias\/entes gubernamentales y empresas del sector privado.\",\"publisher\":{\"@id\":\"https:\/\/www.ce.com.co\/en\/#organization\"},\"potentialAction\":[{\"@type\":\"SearchAction\",\"target\":{\"@type\":\"EntryPoint\",\"urlTemplate\":\"https:\/\/www.ce.com.co\/en\/?s={search_term_string}\"},\"query-input\":{\"@type\":\"PropertyValueSpecification\",\"valueRequired\":true,\"valueName\":\"search_term_string\"}}],\"inLanguage\":\"en-US\"},{\"@type\":\"Organization\",\"@id\":\"https:\/\/www.ce.com.co\/en\/#organization\",\"name\":\"Comunicaciones Efectivas\",\"url\":\"https:\/\/www.ce.com.co\/en\/\",\"logo\":{\"@type\":\"ImageObject\",\"inLanguage\":\"en-US\",\"@id\":\"https:\/\/www.ce.com.co\/en\/#\/schema\/logo\/image\/\",\"url\":\"https:\/\/www.ce.com.co\/wp-content\/uploads\/2021\/08\/220809-logo.png\",\"contentUrl\":\"https:\/\/www.ce.com.co\/wp-content\/uploads\/2021\/08\/220809-logo.png\",\"width\":400,\"height\":400,\"caption\":\"Comunicaciones Efectivas\"},\"image\":{\"@id\":\"https:\/\/www.ce.com.co\/en\/#\/schema\/logo\/image\/\"},\"sameAs\":[\"https:\/\/www.facebook.com\/comunicaciones.efectivas\/\",\"https:\/\/x.com\/cefectivas\"]}]}<\/script>\n<!-- \/ Yoast SEO plugin. -->","yoast_head_json":{"title":"Careers - Comunicaciones Efectivas","robots":{"index":"index","follow":"follow","max-snippet":"max-snippet:-1","max-image-preview":"max-image-preview:large","max-video-preview":"max-video-preview:-1"},"canonical":"https:\/\/www.ce.com.co\/en\/careers\/","og_locale":"en_US","og_type":"article","og_title":"Careers - Comunicaciones Efectivas","og_description":"Let&#8217;s talk about your career. Would you like to join our team?","og_url":"https:\/\/www.ce.com.co\/en\/careers\/","og_site_name":"Comunicaciones Efectivas","article_publisher":"https:\/\/www.facebook.com\/comunicaciones.efectivas\/","article_modified_time":"2022-09-17T14:45:50+00:00","twitter_card":"summary_large_image","twitter_site":"@cefectivas","twitter_misc":{"Est. reading time":"1 minute"},"schema":{"@context":"https:\/\/schema.org","@graph":[{"@type":"WebPage","@id":"https:\/\/www.ce.com.co\/en\/careers\/","url":"https:\/\/www.ce.com.co\/en\/careers\/","name":"Careers - Comunicaciones Efectivas","isPartOf":{"@id":"https:\/\/www.ce.com.co\/en\/#website"},"datePublished":"2022-09-13T00:27:10+00:00","dateModified":"2022-09-17T14:45:50+00:00","breadcrumb":{"@id":"https:\/\/www.ce.com.co\/en\/careers\/#breadcrumb"},"inLanguage":"en-US","potentialAction":[{"@type":"ReadAction","target":["https:\/\/www.ce.com.co\/en\/careers\/"]}]},{"@type":"BreadcrumbList","@id":"https:\/\/www.ce.com.co\/en\/careers\/#breadcrumb","itemListElement":[{"@type":"ListItem","position":1,"name":"Inicio","item":"https:\/\/www.ce.com.co\/en\/"},{"@type":"ListItem","position":2,"name":"Careers"}]},{"@type":"WebSite","@id":"https:\/\/www.ce.com.co\/en\/#website","url":"https:\/\/www.ce.com.co\/en\/","name":"Comunicaciones Efectivas","description":"Comunicaciones Efectivas \u2013 Somos una organizaci\u00f3n con m\u00e1s de 30 a\u00f1os de experiencia ofreciendo soluciones para gesti\u00f3n y organizaci\u00f3n profesional de congresos, eventos, reuniones, convenciones y viajes de incentivos para asociaciones, agencias\/entes gubernamentales y empresas del sector privado.","publisher":{"@id":"https:\/\/www.ce.com.co\/en\/#organization"},"potentialAction":[{"@type":"SearchAction","target":{"@type":"EntryPoint","urlTemplate":"https:\/\/www.ce.com.co\/en\/?s={search_term_string}"},"query-input":{"@type":"PropertyValueSpecification","valueRequired":true,"valueName":"search_term_string"}}],"inLanguage":"en-US"},{"@type":"Organization","@id":"https:\/\/www.ce.com.co\/en\/#organization","name":"Comunicaciones Efectivas","url":"https:\/\/www.ce.com.co\/en\/","logo":{"@type":"ImageObject","inLanguage":"en-US","@id":"https:\/\/www.ce.com.co\/en\/#\/schema\/logo\/image\/","url":"https:\/\/www.ce.com.co\/wp-content\/uploads\/2021\/08\/220809-logo.png","contentUrl":"https:\/\/www.ce.com.co\/wp-content\/uploads\/2021\/08\/220809-logo.png","width":400,"height":400,"caption":"Comunicaciones Efectivas"},"image":{"@id":"https:\/\/www.ce.com.co\/en\/#\/schema\/logo\/image\/"},"sameAs":["https:\/\/www.facebook.com\/comunicaciones.efectivas\/","https:\/\/x.com\/cefectivas"]}]}},"_links":{"self":[{"href":"https:\/\/www.ce.com.co\/en\/wp-json\/wp\/v2\/pages\/8344","targetHints":{"allow":["GET"]}}],"collection":[{"href":"https:\/\/www.ce.com.co\/en\/wp-json\/wp\/v2\/pages"}],"about":[{"href":"https:\/\/www.ce.com.co\/en\/wp-json\/wp\/v2\/types\/page"}],"author":[{"embeddable":true,"href":"https:\/\/www.ce.com.co\/en\/wp-json\/wp\/v2\/users\/1"}],"replies":[{"embeddable":true,"href":"https:\/\/www.ce.com.co\/en\/wp-json\/wp\/v2\/comments?post=8344"}],"version-history":[{"count":7,"href":"https:\/\/www.ce.com.co\/en\/wp-json\/wp\/v2\/pages\/8344\/revisions"}],"predecessor-version":[{"id":8585,"href":"https:\/\/www.ce.com.co\/en\/wp-json\/wp\/v2\/pages\/8344\/revisions\/8585"}],"wp:attachment":[{"href":"https:\/\/www.ce.com.co\/en\/wp-json\/wp\/v2\/media?parent=8344"}],"curies":[{"name":"wp","href":"https:\/\/api.w.org\/{rel}","templated":true}]}}