{"id":8003,"date":"2022-09-07T18:36:27","date_gmt":"2022-09-07T23:36:27","guid":{"rendered":"https:\/\/sitio.ce.com.co\/terminos-y-condiciones\/"},"modified":"2022-09-16T19:26:37","modified_gmt":"2022-09-17T00:26:37","slug":"terms-and-conditions","status":"publish","type":"page","link":"https:\/\/www.ce.com.co\/en\/terms-and-conditions\/","title":{"rendered":"Terms and Conditions"},"content":{"rendered":"\t\t<div data-elementor-type=\"wp-page\" data-elementor-id=\"8003\" class=\"elementor elementor-8003 elementor-7614\" data-elementor-post-type=\"page\">\n\t\t\t\t\t\t<section class=\"elementor-section elementor-top-section elementor-element elementor-element-2d67d8d5 elementor-section-content-middle elementor-section-height-min-height elementor-section-boxed elementor-section-height-default elementor-section-items-middle\" data-id=\"2d67d8d5\" data-element_type=\"section\" data-e-type=\"section\" data-settings=\"{&quot;background_background&quot;:&quot;classic&quot;}\">\n\t\t\t\t\t\t\t<div class=\"elementor-background-overlay\"><\/div>\n\t\t\t\t\t\t\t<div class=\"elementor-container elementor-column-gap-default\">\n\t\t\t\t\t<div class=\"elementor-column elementor-col-66 elementor-top-column elementor-element elementor-element-1c836f3\" data-id=\"1c836f3\" data-element_type=\"column\" data-e-type=\"column\">\n\t\t\t<div class=\"elementor-widget-wrap elementor-element-populated\">\n\t\t\t\t\t\t<div class=\"elementor-element elementor-element-dd06129 elementor-widget elementor-widget-hub_fancy_heading\" data-id=\"dd06129\" data-element_type=\"widget\" data-e-type=\"widget\" data-widget_type=\"hub_fancy_heading.default\">\n\t\t\t\t<div class=\"elementor-widget-container\">\n\t\t\t\t\t\n\t\t<div id=\"ld-fancy-heading-69e085613f640\" class=\"ld-fancy-heading pos-rel\">\n\t\t\t<h1 class=\"ld-fh-element d-inline-block pos-rel  elementor-heading-title lqd-highlight-classic lqd-highlight-grow-left h1\"  > T\u00e9rminos y condiciones<\/h1>\t\t<\/div>\n\n\t\t\t\t\t\t<\/div>\n\t\t\t\t<\/div>\n\t\t\t\t\t<\/div>\n\t\t<\/div>\n\t\t\t\t<div class=\"elementor-column elementor-col-33 elementor-top-column elementor-element elementor-element-6989bde8\" data-id=\"6989bde8\" data-element_type=\"column\" data-e-type=\"column\">\n\t\t\t<div class=\"elementor-widget-wrap\">\n\t\t\t\t\t\t\t<\/div>\n\t\t<\/div>\n\t\t\t\t\t<\/div>\n\t\t<\/section>\n\t\t\t\t<section class=\"elementor-section elementor-top-section elementor-element elementor-element-9305f15 elementor-section-boxed elementor-section-height-default elementor-section-height-default\" data-id=\"9305f15\" data-element_type=\"section\" data-e-type=\"section\">\n\t\t\t\t\t\t<div class=\"elementor-container elementor-column-gap-default\">\n\t\t\t\t\t<div class=\"elementor-column elementor-col-100 elementor-top-column elementor-element elementor-element-197220ca\" data-id=\"197220ca\" data-element_type=\"column\" data-e-type=\"column\">\n\t\t\t<div class=\"elementor-widget-wrap elementor-element-populated\">\n\t\t\t\t\t\t<div class=\"elementor-element elementor-element-16b784c6 elementor-widget elementor-widget-hub_fancy_heading\" data-id=\"16b784c6\" data-element_type=\"widget\" data-e-type=\"widget\" data-widget_type=\"hub_fancy_heading.default\">\n\t\t\t\t<div class=\"elementor-widget-container\">\n\t\t\t\t\t\n\t\t<div id=\"ld-fancy-heading-69e0856140297\" class=\"ld-fancy-heading pos-rel\">\n\t\t\t<h1 class=\"ld-fh-element d-inline-block pos-rel  elementor-heading-title lqd-highlight-classic lqd-highlight-grow-left h1\"  > Medicina<\/h1>\t\t<\/div>\n\n\t\t\t\t\t\t<\/div>\n\t\t\t\t<\/div>\n\t\t\t\t<div class=\"elementor-element elementor-element-512bc27 elementor-widget elementor-widget-text-editor\" data-id=\"512bc27\" data-element_type=\"widget\" data-e-type=\"widget\" data-widget_type=\"text-editor.default\">\n\t\t\t\t<div class=\"elementor-widget-container\">\n\t\t\t\t\t\t\t\t\t<p>Comunicaciones Efectivas invita a los usuarios de esta p\u00e1gina para que lean cuidadosamente las condiciones y pol\u00edticas de privacidad, antes de iniciar su navegaci\u00f3n en el presente portal, y en caso de no estar de acuerdo con las disposiciones establecidas o con cualquier condici\u00f3n de la pol\u00edtica de privacidad, se sugiere que se abstenga de acceder o navegar por la p\u00e1gina Web de nuestra Empresa.<\/p>\n\t\t\t\t\t\t\t\t<\/div>\n\t\t\t\t<\/div>\n\t\t\t\t<div class=\"elementor-element elementor-element-22eb7872 elementor-widget elementor-widget-hub_fancy_heading\" data-id=\"22eb7872\" data-element_type=\"widget\" data-e-type=\"widget\" data-widget_type=\"hub_fancy_heading.default\">\n\t\t\t\t<div class=\"elementor-widget-container\">\n\t\t\t\t\t\n\t\t<div id=\"ld-fancy-heading-69e0856141bd4\" class=\"ld-fancy-heading pos-rel\">\n\t\t\t<h1 class=\"ld-fh-element d-inline-block pos-rel  elementor-heading-title lqd-highlight-classic lqd-highlight-grow-left h1\"  > 1. Aceptaci\u00f3n de T\u00e9rminos<\/h1>\t\t<\/div>\n\n\t\t\t\t\t\t<\/div>\n\t\t\t\t<\/div>\n\t\t\t\t<div class=\"elementor-element elementor-element-f7d9833 elementor-widget elementor-widget-text-editor\" data-id=\"f7d9833\" data-element_type=\"widget\" data-e-type=\"widget\" data-widget_type=\"text-editor.default\">\n\t\t\t\t<div class=\"elementor-widget-container\">\n\t\t\t\t\t\t\t\t\t<p>Cuando un usuario ingresa a la p\u00e1gina Web del Comunicaciones Efectivas lo hace exclusivamente bajo su responsabilidad, por lo tanto, acepta completamente y sin limitaciones todo el contenido de los t\u00e9rminos y condiciones de uso de la p\u00e1gina Web de nuestra Empresa Comunicaciones Efectivas se reserva, en todos los sentidos, el derecho de actualizar y reformar en cualquier momento y de cualquier forma, de manera unilateral y sin previo aviso, las presentes condiciones de uso y los contenidos del portal web.<\/p>\n<p>La prestaci\u00f3n del servicio de la p\u00e1gina de Comunicaciones Efectivas es de car\u00e1cter libre y gratuito para los usuarios y se rige por los t\u00e9rminos y condiciones que se incluyen a continuaci\u00f3n, los cuales se entienden como conocidos y aceptados por los usuarios del sitio:<\/p>\n\t\t\t\t\t\t\t\t<\/div>\n\t\t\t\t<\/div>\n\t\t\t\t<div class=\"elementor-element elementor-element-7c776d7 elementor-widget elementor-widget-hub_fancy_heading\" data-id=\"7c776d7\" data-element_type=\"widget\" data-e-type=\"widget\" data-widget_type=\"hub_fancy_heading.default\">\n\t\t\t\t<div class=\"elementor-widget-container\">\n\t\t\t\t\t\n\t\t<div id=\"ld-fancy-heading-69e0856143020\" class=\"ld-fancy-heading pos-rel\">\n\t\t\t<h1 class=\"ld-fh-element d-inline-block pos-rel  elementor-heading-title lqd-highlight-classic lqd-highlight-grow-left h1\"  > 2. Copyright<\/h1>\t\t<\/div>\n\n\t\t\t\t\t\t<\/div>\n\t\t\t\t<\/div>\n\t\t\t\t<div class=\"elementor-element elementor-element-2327a4d1 elementor-widget elementor-widget-text-editor\" data-id=\"2327a4d1\" data-element_type=\"widget\" data-e-type=\"widget\" data-widget_type=\"text-editor.default\">\n\t\t\t\t<div class=\"elementor-widget-container\">\n\t\t\t\t\t\t\t\t\t<p>El contenido de la p\u00e1gina web, incluyendo marcas, los logos, los textos, gr\u00e1ficos, dibujos, animaciones y sonidos, programas inform\u00e1ticos o cualquier otro elemento de protecci\u00f3n por la legislaci\u00f3n de propiedad intelectual o industrial, son de propiedad de Comunicaciones Efectivas. Queda expresamente prohibida su reproducci\u00f3n total o parcial, su traducci\u00f3n, inclusi\u00f3n, transmisi\u00f3n, almacenamiento o acceso a trav\u00e9s de medios anal\u00f3gicos, digitales o de cualquier otro sistema o tecnolog\u00eda creada, sin autorizaci\u00f3n previa y escrita por parte de Comunicaciones Efectivas. No se concede ninguna licencia de uso al usuario sobre los contenidos, datos o servicios del portal.<\/p>\n<p>Queda prohibido exhibir, imprimir, copiar o descargar cualquier material de este sitio exclusivamente para uso comercial.<\/p>\n<p>En raz\u00f3n a los contenidos que aparecen en el portal Web de Comunicaciones Efectivas, el usuario se obliga a:<\/p>\n<ul>\n<li>No eliminar, evitar, o maniobrar el copyright (derechos de autor) y dem\u00e1s datos que identifican los derechos de autor de Comunicaciones Efectivas.<\/li>\n<li>No utilizar los contenidos e informaci\u00f3n de cualquier otra clase obtenida a trav\u00e9s de Comunicaciones Efectivas, para emitir publicidad.<\/li>\n<li>Usar los contenidos de forma diligente, correcta y l\u00edcita.<\/li>\n<li>Comunicaciones Efectivas no se har\u00e1 responsable por el uso indebido que hagan los usuarios del contenido de su p\u00e1gina Web.<\/li>\n<li>El usuario o visitante del portal Web asumir\u00e1 la responsabilidad por cualquier uso indebido, il\u00edcito que haga de los contenidos, informaci\u00f3n o servicios de la p\u00e1gina Web de Comunicaciones Efectivas. El usuario o visitante del sitio, directa o por interpuesta persona, no transgredir\u00e1 de ninguna manera contra la p\u00e1gina Web del Comunicaciones Efectivas, contra su plataforma tecnol\u00f3gica, contra sus sistemas de informaci\u00f3n ni tampoco obstaculizar\u00e1 en su normal funcionamiento.<\/li>\n<li>El usuario o visitante del sitio, no alterar\u00e1, bloquear\u00e1 o ejecutar\u00e1 cualquier otro acto que imposibilite mostrar o acceder a cualquier contenido, informaci\u00f3n o servicios del sitio Web.<\/li>\n<li>El visitante o el usuario de la p\u00e1gina Web de Estrategia y Producci\u00f3n \u2013 Comunicaciones Efectivas, no incurrir\u00e1 en y desde el mismo, en conductas il\u00edcitas como da\u00f1os o ataques inform\u00e1ticos, interceptaci\u00f3n de comunicaciones, infracciones al derecho de autor, uso no autorizado de terminales, usurpaci\u00f3n de identidad, revelaci\u00f3n de secretos o falsedad en los documentos.<\/li>\n<\/ul>\n\t\t\t\t\t\t\t\t<\/div>\n\t\t\t\t<\/div>\n\t\t\t\t<div class=\"elementor-element elementor-element-6e373a5 elementor-widget elementor-widget-hub_fancy_heading\" data-id=\"6e373a5\" data-element_type=\"widget\" data-e-type=\"widget\" data-widget_type=\"hub_fancy_heading.default\">\n\t\t\t\t<div class=\"elementor-widget-container\">\n\t\t\t\t\t\n\t\t<div id=\"ld-fancy-heading-69e08561445e8\" class=\"ld-fancy-heading pos-rel\">\n\t\t\t<h1 class=\"ld-fh-element d-inline-block pos-rel  elementor-heading-title lqd-highlight-classic lqd-highlight-grow-left h1\"  > 3. Privacidad<\/h1>\t\t<\/div>\n\n\t\t\t\t\t\t<\/div>\n\t\t\t\t<\/div>\n\t\t\t\t<div class=\"elementor-element elementor-element-17b4fbf elementor-widget elementor-widget-text-editor\" data-id=\"17b4fbf\" data-element_type=\"widget\" data-e-type=\"widget\" data-widget_type=\"text-editor.default\">\n\t\t\t\t<div class=\"elementor-widget-container\">\n\t\t\t\t\t\t\t\t\t<p>Comunicaciones Efectivas se compromete a salvaguardar la privacidad de la informaci\u00f3n personal del Usuario obtenida a trav\u00e9s de nuestra p\u00e1gina Web, para lo cual adopta una pol\u00edtica de reserva de acuerdo con lo que se instituye m\u00e1s adelante.<br \/>Se entiende por informaci\u00f3n personal aquella suministrada por el Usuario para el registro, la cual incluye datos como nombre, identificaci\u00f3n, g\u00e9nero, direcci\u00f3n, correo electr\u00f3nico y tel\u00e9fono.<br \/>El visitante o usuario reconoce que el ingreso de informaci\u00f3n personal, lo realiza de manera voluntaria Comunicaciones Efectivas se compromete a no entregar, trasferir, ni a comunicar los datos recibidos en el Sitio Web con terceros sin su consentimiento expreso. As\u00ed mismo, Comunicaciones Efectivas cancelar\u00e1 o rectificar\u00e1 los datos cuando resulten inexactos, incompletos o hayan dejado de ser necesarios o pertinentes para su finalidad.<\/p>\n\t\t\t\t\t\t\t\t<\/div>\n\t\t\t\t<\/div>\n\t\t\t\t<div class=\"elementor-element elementor-element-527ea82 elementor-widget elementor-widget-hub_fancy_heading\" data-id=\"527ea82\" data-element_type=\"widget\" data-e-type=\"widget\" data-widget_type=\"hub_fancy_heading.default\">\n\t\t\t\t<div class=\"elementor-widget-container\">\n\t\t\t\t\t\n\t\t<div id=\"ld-fancy-heading-69e0856145a8d\" class=\"ld-fancy-heading pos-rel\">\n\t\t\t<h1 class=\"ld-fh-element d-inline-block pos-rel  elementor-heading-title lqd-highlight-classic lqd-highlight-grow-left h1\"  > 4. Responsabilidad por la informaci\u00f3n contenida<\/h1>\t\t<\/div>\n\n\t\t\t\t\t\t<\/div>\n\t\t\t\t<\/div>\n\t\t\t\t<div class=\"elementor-element elementor-element-15b9d0c elementor-widget elementor-widget-text-editor\" data-id=\"15b9d0c\" data-element_type=\"widget\" data-e-type=\"widget\" data-widget_type=\"text-editor.default\">\n\t\t\t\t<div class=\"elementor-widget-container\">\n\t\t\t\t\t\t\t\t\t<p>En la actualidad los medios tecnol\u00f3gicos no admiten garantizar la absoluta falta injerencia de la acci\u00f3n de terceras personas en las p\u00e1ginas Web, Comunicaciones de ninguna manera asegura la veracidad y\/o autenticidad de todo o parte de la informaci\u00f3n contenida en su p\u00e1gina, ni su actualizaci\u00f3n, ni que dicha informaci\u00f3n haya sido alterada o reformada en todo o en parte, luego de haber sido informada el portal web, ni cualquier otro aspecto de lo anunciado en el sitio o en los enlaces, respectivamente.<\/p>\n<p>Comunicaciones Efectivas no controla ni avala la ausencia de virus ni de otros elementos en los contenidos que puedan originar alteraciones en su sistema inform\u00e1tico o en las documentaciones electr\u00f3nicas y ficheros recopilados en su sistema inform\u00e1tico.<\/p>\n\t\t\t\t\t\t\t\t<\/div>\n\t\t\t\t<\/div>\n\t\t\t\t<div class=\"elementor-element elementor-element-8cfd835 elementor-widget elementor-widget-hub_fancy_heading\" data-id=\"8cfd835\" data-element_type=\"widget\" data-e-type=\"widget\" data-widget_type=\"hub_fancy_heading.default\">\n\t\t\t\t<div class=\"elementor-widget-container\">\n\t\t\t\t\t\n\t\t<div id=\"ld-fancy-heading-69e085614704a\" class=\"ld-fancy-heading pos-rel\">\n\t\t\t<h1 class=\"ld-fh-element d-inline-block pos-rel  elementor-heading-title lqd-highlight-classic lqd-highlight-grow-left h1\"  > 5. Ley aplicable y jurisdicci\u00f3n<\/h1>\t\t<\/div>\n\n\t\t\t\t\t\t<\/div>\n\t\t\t\t<\/div>\n\t\t\t\t<div class=\"elementor-element elementor-element-c034b33 elementor-widget elementor-widget-text-editor\" data-id=\"c034b33\" data-element_type=\"widget\" data-e-type=\"widget\" data-widget_type=\"text-editor.default\">\n\t\t\t\t<div class=\"elementor-widget-container\">\n\t\t\t\t\t\t\t\t\t<ol>\n<li>El visitante o usuario no podr\u00e1 manifestar ante Comunicaciones Efectivas o ante una autoridad judicial o administrativa, la aplicaci\u00f3n de norma o convenio que no est\u00e9 expl\u00edcitamente se\u00f1alado en las presentes condiciones de uso.<\/li>\n<li>Estas condiciones ser\u00e1n regidas por las normas y leyes de la Rep\u00fablica de Colombia, en los aspectos que no est\u00e9n expresamente regulados en ellas.<\/li>\n<li>Si cualquier disposici\u00f3n de estas condiciones pierde validez o fuerza obligatoria, por cualquier raz\u00f3n, todas las dem\u00e1s disposiciones, conservan su fuerza obligatoria, car\u00e1cter vinculante y admitir\u00e1n todos sus efectos.<\/li>\n<li>Para cualquier efecto legal o judicial, el lugar de las presentes condiciones es el Municipio de Itag\u00fc\u00ed, Colombia, y cualquier debate que surja de su interpretaci\u00f3n o aplicaci\u00f3n se someter\u00e1 a los jueces de la Rep\u00fablica de Colombia.<\/li>\n<\/ol>\n\t\t\t\t\t\t\t\t<\/div>\n\t\t\t\t<\/div>\n\t\t\t\t\t<\/div>\n\t\t<\/div>\n\t\t\t\t\t<\/div>\n\t\t<\/section>\n\t\t\t\t<\/div>\n\t\t","protected":false},"excerpt":{"rendered":"<p>T\u00e9rminos y condiciones Medicina Comunicaciones Efectivas invita a los usuarios de esta p\u00e1gina para que lean cuidadosamente las condiciones y pol\u00edticas de privacidad, antes de iniciar su navegaci\u00f3n en el presente portal, y en caso de no estar de acuerdo con las disposiciones establecidas o con cualquier condici\u00f3n de la pol\u00edtica de privacidad, se sugiere [&hellip;]<\/p>\n","protected":false},"author":1,"featured_media":0,"parent":0,"menu_order":0,"comment_status":"closed","ping_status":"closed","template":"","meta":{"footnotes":""},"class_list":["post-8003","page","type-page","status-publish","hentry"],"yoast_head":"<!-- This site is optimized with the Yoast SEO plugin v27.0 - https:\/\/yoast.com\/product\/yoast-seo-wordpress\/ -->\n<title>Terms and Conditions - Comunicaciones Efectivas<\/title>\n<meta name=\"robots\" content=\"index, follow, max-snippet:-1, max-image-preview:large, max-video-preview:-1\" \/>\n<link rel=\"canonical\" href=\"https:\/\/www.ce.com.co\/en\/terms-and-conditions\/\" \/>\n<meta property=\"og:locale\" content=\"en_US\" \/>\n<meta property=\"og:type\" content=\"article\" \/>\n<meta property=\"og:title\" content=\"Terms and Conditions - Comunicaciones Efectivas\" \/>\n<meta property=\"og:description\" content=\"T\u00e9rminos y condiciones Medicina Comunicaciones Efectivas invita a los usuarios de esta p\u00e1gina para que lean cuidadosamente las condiciones y pol\u00edticas de privacidad, antes de iniciar su navegaci\u00f3n en el presente portal, y en caso de no estar de acuerdo con las disposiciones establecidas o con cualquier condici\u00f3n de la pol\u00edtica de privacidad, se sugiere [&hellip;]\" \/>\n<meta property=\"og:url\" content=\"https:\/\/www.ce.com.co\/en\/terms-and-conditions\/\" \/>\n<meta property=\"og:site_name\" content=\"Comunicaciones Efectivas\" \/>\n<meta property=\"article:publisher\" content=\"https:\/\/www.facebook.com\/comunicaciones.efectivas\/\" \/>\n<meta property=\"article:modified_time\" content=\"2022-09-17T00:26:37+00:00\" \/>\n<meta name=\"twitter:card\" content=\"summary_large_image\" \/>\n<meta name=\"twitter:site\" content=\"@cefectivas\" \/>\n<meta name=\"twitter:label1\" content=\"Est. reading time\" \/>\n\t<meta name=\"twitter:data1\" content=\"5 minutes\" \/>\n<script type=\"application\/ld+json\" class=\"yoast-schema-graph\">{\"@context\":\"https:\/\/schema.org\",\"@graph\":[{\"@type\":\"WebPage\",\"@id\":\"https:\/\/www.ce.com.co\/en\/terms-and-conditions\/\",\"url\":\"https:\/\/www.ce.com.co\/en\/terms-and-conditions\/\",\"name\":\"Terms and Conditions - Comunicaciones Efectivas\",\"isPartOf\":{\"@id\":\"https:\/\/www.ce.com.co\/en\/#website\"},\"datePublished\":\"2022-09-07T23:36:27+00:00\",\"dateModified\":\"2022-09-17T00:26:37+00:00\",\"breadcrumb\":{\"@id\":\"https:\/\/www.ce.com.co\/en\/terms-and-conditions\/#breadcrumb\"},\"inLanguage\":\"en-US\",\"potentialAction\":[{\"@type\":\"ReadAction\",\"target\":[\"https:\/\/www.ce.com.co\/en\/terms-and-conditions\/\"]}]},{\"@type\":\"BreadcrumbList\",\"@id\":\"https:\/\/www.ce.com.co\/en\/terms-and-conditions\/#breadcrumb\",\"itemListElement\":[{\"@type\":\"ListItem\",\"position\":1,\"name\":\"Inicio\",\"item\":\"https:\/\/www.ce.com.co\/en\/\"},{\"@type\":\"ListItem\",\"position\":2,\"name\":\"Terms and Conditions\"}]},{\"@type\":\"WebSite\",\"@id\":\"https:\/\/www.ce.com.co\/en\/#website\",\"url\":\"https:\/\/www.ce.com.co\/en\/\",\"name\":\"Comunicaciones Efectivas\",\"description\":\"Comunicaciones Efectivas \u2013 Somos una organizaci\u00f3n con m\u00e1s de 30 a\u00f1os de experiencia ofreciendo soluciones para gesti\u00f3n y organizaci\u00f3n profesional de congresos, eventos, reuniones, convenciones y viajes de incentivos para asociaciones, agencias\/entes gubernamentales y empresas del sector privado.\",\"publisher\":{\"@id\":\"https:\/\/www.ce.com.co\/en\/#organization\"},\"potentialAction\":[{\"@type\":\"SearchAction\",\"target\":{\"@type\":\"EntryPoint\",\"urlTemplate\":\"https:\/\/www.ce.com.co\/en\/?s={search_term_string}\"},\"query-input\":{\"@type\":\"PropertyValueSpecification\",\"valueRequired\":true,\"valueName\":\"search_term_string\"}}],\"inLanguage\":\"en-US\"},{\"@type\":\"Organization\",\"@id\":\"https:\/\/www.ce.com.co\/en\/#organization\",\"name\":\"Comunicaciones Efectivas\",\"url\":\"https:\/\/www.ce.com.co\/en\/\",\"logo\":{\"@type\":\"ImageObject\",\"inLanguage\":\"en-US\",\"@id\":\"https:\/\/www.ce.com.co\/en\/#\/schema\/logo\/image\/\",\"url\":\"https:\/\/www.ce.com.co\/wp-content\/uploads\/2021\/08\/220809-logo.png\",\"contentUrl\":\"https:\/\/www.ce.com.co\/wp-content\/uploads\/2021\/08\/220809-logo.png\",\"width\":400,\"height\":400,\"caption\":\"Comunicaciones Efectivas\"},\"image\":{\"@id\":\"https:\/\/www.ce.com.co\/en\/#\/schema\/logo\/image\/\"},\"sameAs\":[\"https:\/\/www.facebook.com\/comunicaciones.efectivas\/\",\"https:\/\/x.com\/cefectivas\"]}]}<\/script>\n<!-- \/ Yoast SEO plugin. -->","yoast_head_json":{"title":"Terms and Conditions - Comunicaciones Efectivas","robots":{"index":"index","follow":"follow","max-snippet":"max-snippet:-1","max-image-preview":"max-image-preview:large","max-video-preview":"max-video-preview:-1"},"canonical":"https:\/\/www.ce.com.co\/en\/terms-and-conditions\/","og_locale":"en_US","og_type":"article","og_title":"Terms and Conditions - Comunicaciones Efectivas","og_description":"T\u00e9rminos y condiciones Medicina Comunicaciones Efectivas invita a los usuarios de esta p\u00e1gina para que lean cuidadosamente las condiciones y pol\u00edticas de privacidad, antes de iniciar su navegaci\u00f3n en el presente portal, y en caso de no estar de acuerdo con las disposiciones establecidas o con cualquier condici\u00f3n de la pol\u00edtica de privacidad, se sugiere [&hellip;]","og_url":"https:\/\/www.ce.com.co\/en\/terms-and-conditions\/","og_site_name":"Comunicaciones Efectivas","article_publisher":"https:\/\/www.facebook.com\/comunicaciones.efectivas\/","article_modified_time":"2022-09-17T00:26:37+00:00","twitter_card":"summary_large_image","twitter_site":"@cefectivas","twitter_misc":{"Est. reading time":"5 minutes"},"schema":{"@context":"https:\/\/schema.org","@graph":[{"@type":"WebPage","@id":"https:\/\/www.ce.com.co\/en\/terms-and-conditions\/","url":"https:\/\/www.ce.com.co\/en\/terms-and-conditions\/","name":"Terms and Conditions - Comunicaciones Efectivas","isPartOf":{"@id":"https:\/\/www.ce.com.co\/en\/#website"},"datePublished":"2022-09-07T23:36:27+00:00","dateModified":"2022-09-17T00:26:37+00:00","breadcrumb":{"@id":"https:\/\/www.ce.com.co\/en\/terms-and-conditions\/#breadcrumb"},"inLanguage":"en-US","potentialAction":[{"@type":"ReadAction","target":["https:\/\/www.ce.com.co\/en\/terms-and-conditions\/"]}]},{"@type":"BreadcrumbList","@id":"https:\/\/www.ce.com.co\/en\/terms-and-conditions\/#breadcrumb","itemListElement":[{"@type":"ListItem","position":1,"name":"Inicio","item":"https:\/\/www.ce.com.co\/en\/"},{"@type":"ListItem","position":2,"name":"Terms and Conditions"}]},{"@type":"WebSite","@id":"https:\/\/www.ce.com.co\/en\/#website","url":"https:\/\/www.ce.com.co\/en\/","name":"Comunicaciones Efectivas","description":"Comunicaciones Efectivas \u2013 Somos una organizaci\u00f3n con m\u00e1s de 30 a\u00f1os de experiencia ofreciendo soluciones para gesti\u00f3n y organizaci\u00f3n profesional de congresos, eventos, reuniones, convenciones y viajes de incentivos para asociaciones, agencias\/entes gubernamentales y empresas del sector privado.","publisher":{"@id":"https:\/\/www.ce.com.co\/en\/#organization"},"potentialAction":[{"@type":"SearchAction","target":{"@type":"EntryPoint","urlTemplate":"https:\/\/www.ce.com.co\/en\/?s={search_term_string}"},"query-input":{"@type":"PropertyValueSpecification","valueRequired":true,"valueName":"search_term_string"}}],"inLanguage":"en-US"},{"@type":"Organization","@id":"https:\/\/www.ce.com.co\/en\/#organization","name":"Comunicaciones Efectivas","url":"https:\/\/www.ce.com.co\/en\/","logo":{"@type":"ImageObject","inLanguage":"en-US","@id":"https:\/\/www.ce.com.co\/en\/#\/schema\/logo\/image\/","url":"https:\/\/www.ce.com.co\/wp-content\/uploads\/2021\/08\/220809-logo.png","contentUrl":"https:\/\/www.ce.com.co\/wp-content\/uploads\/2021\/08\/220809-logo.png","width":400,"height":400,"caption":"Comunicaciones Efectivas"},"image":{"@id":"https:\/\/www.ce.com.co\/en\/#\/schema\/logo\/image\/"},"sameAs":["https:\/\/www.facebook.com\/comunicaciones.efectivas\/","https:\/\/x.com\/cefectivas"]}]}},"_links":{"self":[{"href":"https:\/\/www.ce.com.co\/en\/wp-json\/wp\/v2\/pages\/8003","targetHints":{"allow":["GET"]}}],"collection":[{"href":"https:\/\/www.ce.com.co\/en\/wp-json\/wp\/v2\/pages"}],"about":[{"href":"https:\/\/www.ce.com.co\/en\/wp-json\/wp\/v2\/types\/page"}],"author":[{"embeddable":true,"href":"https:\/\/www.ce.com.co\/en\/wp-json\/wp\/v2\/users\/1"}],"replies":[{"embeddable":true,"href":"https:\/\/www.ce.com.co\/en\/wp-json\/wp\/v2\/comments?post=8003"}],"version-history":[{"count":4,"href":"https:\/\/www.ce.com.co\/en\/wp-json\/wp\/v2\/pages\/8003\/revisions"}],"predecessor-version":[{"id":8477,"href":"https:\/\/www.ce.com.co\/en\/wp-json\/wp\/v2\/pages\/8003\/revisions\/8477"}],"wp:attachment":[{"href":"https:\/\/www.ce.com.co\/en\/wp-json\/wp\/v2\/media?parent=8003"}],"curies":[{"name":"wp","href":"https:\/\/api.w.org\/{rel}","templated":true}]}}