{"id":8001,"date":"2022-08-28T16:59:34","date_gmt":"2022-08-28T21:59:34","guid":{"rendered":"https:\/\/sitio.ce.com.co\/servicios\/ferias-y-exposiciones\/"},"modified":"2022-09-16T20:28:13","modified_gmt":"2022-09-17T01:28:13","slug":"trade-shows-exhibitions","status":"publish","type":"page","link":"https:\/\/www.ce.com.co\/en\/servicios\/trade-shows-exhibitions\/","title":{"rendered":"Trade shows &amp; exhibitions"},"content":{"rendered":"\t\t<div data-elementor-type=\"wp-page\" data-elementor-id=\"8001\" class=\"elementor elementor-8001 elementor-7096\" data-elementor-post-type=\"page\">\n\t\t\t\t\t\t<section class=\"elementor-section elementor-top-section elementor-element elementor-element-4bb81135 elementor-section-content-middle elementor-section-height-min-height elementor-section-boxed elementor-section-height-default elementor-section-items-middle\" data-id=\"4bb81135\" data-element_type=\"section\" data-e-type=\"section\" data-settings=\"{&quot;background_background&quot;:&quot;classic&quot;}\">\n\t\t\t\t\t\t\t<div class=\"elementor-background-overlay\"><\/div>\n\t\t\t\t\t\t\t<div class=\"elementor-container elementor-column-gap-default\">\n\t\t\t\t\t<div class=\"elementor-column elementor-col-50 elementor-top-column elementor-element elementor-element-69d70779\" data-id=\"69d70779\" data-element_type=\"column\" data-e-type=\"column\">\n\t\t\t<div class=\"elementor-widget-wrap elementor-element-populated\">\n\t\t\t\t\t\t<div class=\"elementor-element elementor-element-5e19f719 elementor-widget elementor-widget-hub_fancy_heading\" data-id=\"5e19f719\" data-element_type=\"widget\" data-e-type=\"widget\" data-widget_type=\"hub_fancy_heading.default\">\n\t\t\t\t<div class=\"elementor-widget-container\">\n\t\t\t\t\t\n\t\t<div id=\"ld-fancy-heading-69e08851d109b\" class=\"ld-fancy-heading pos-rel\">\n\t\t\t<h1 class=\"ld-fh-element d-inline-block pos-rel  elementor-heading-title lqd-highlight-classic lqd-highlight-grow-left h1\"  > What we do<\/h1>\t\t<\/div>\n\n\t\t\t\t\t\t<\/div>\n\t\t\t\t<\/div>\n\t\t\t\t\t<\/div>\n\t\t<\/div>\n\t\t\t\t<div class=\"elementor-column elementor-col-50 elementor-top-column elementor-element elementor-element-1a4faa33\" data-id=\"1a4faa33\" data-element_type=\"column\" data-e-type=\"column\">\n\t\t\t<div class=\"elementor-widget-wrap\">\n\t\t\t\t\t\t\t<\/div>\n\t\t<\/div>\n\t\t\t\t\t<\/div>\n\t\t<\/section>\n\t\t\t\t<section class=\"elementor-section elementor-top-section elementor-element elementor-element-abc58d0 elementor-section-boxed elementor-section-height-default elementor-section-height-default\" data-id=\"abc58d0\" data-element_type=\"section\" data-e-type=\"section\">\n\t\t\t\t\t\t<div class=\"elementor-container elementor-column-gap-default\">\n\t\t\t\t\t<div class=\"lqd-css-sticky-column elementor-column elementor-col-50 elementor-top-column elementor-element elementor-element-6b42f7d\" style=\"--lqd-sticky-offset:30px\" data-id=\"6b42f7d\" data-element_type=\"column\" data-e-type=\"column\">\n\t\t\t<div class=\"elementor-widget-wrap elementor-element-populated\">\n\t\t\t\t\t\t<div class=\"elementor-element elementor-element-78f04f7 elementor-widget elementor-widget-ld_custom_menu\" data-id=\"78f04f7\" data-element_type=\"widget\" data-e-type=\"widget\" data-widget_type=\"ld_custom_menu.default\">\n\t\t\t\t<div class=\"elementor-widget-container\">\n\t\t\t\t\t\n\t\t\t<div\t\t\t\tclass=\"lqd-fancy-menu lqd-custom-menu pos-rel menu-items-has-fill left lqd-menu-td-none\"\n\t\t\t\t\t\t\t>\n\t\t\t\n\t\t\t\t\t\t<ul id=\"lqd-custom-menu-78f04f7\" class=\"reset-ul   \" itemtype=\"http:\/\/schema.org\/SiteNavigationElement\" itemscope=\"itemscope\"><li id=\"menu-item-8375\" class=\"menu-item menu-item-type-post_type menu-item-object-page menu-item-8375\"><a href=\"https:\/\/www.ce.com.co\/en\/servicios\/brand-experiences\/\">Brand Experiences<\/a><\/li>\n<li id=\"menu-item-8376\" class=\"menu-item menu-item-type-post_type menu-item-object-page menu-item-8376\"><a href=\"https:\/\/www.ce.com.co\/en\/servicios\/events-and-congresses\/\">Events and Congresses<\/a><\/li>\n<li id=\"menu-item-8377\" class=\"menu-item menu-item-type-post_type menu-item-object-page menu-item-8377\"><a href=\"https:\/\/www.ce.com.co\/en\/servicios\/strategic-communication\/\">Strategic communication<\/a><\/li>\n<li id=\"menu-item-8378\" class=\"menu-item menu-item-type-post_type menu-item-object-page menu-item-8378\"><a href=\"https:\/\/www.ce.com.co\/en\/servicios\/trade-shows-exhibitions\/\">Trade shows &amp; exhibitions<\/a><\/li>\n<li id=\"menu-item-8379\" class=\"menu-item menu-item-type-post_type menu-item-object-page menu-item-8379\"><a href=\"https:\/\/www.ce.com.co\/en\/servicios\/conventions-and-incentive-trips\/\">Conventions and incentive trips<\/a><\/li>\n<li id=\"menu-item-8380\" class=\"menu-item menu-item-type-post_type menu-item-object-page menu-item-8380\"><a href=\"https:\/\/www.ce.com.co\/en\/servicios\/virtual-events-and-platforms\/\">Virtual events and platforms<\/a><\/li>\n<\/ul>\t\t\t\t\t\t\t\t\t<\/div>\n\t\t\t\t\t\t<\/div>\n\t\t\t\t<\/div>\n\t\t\t\t\t<\/div>\n\t\t<\/div>\n\t\t\t\t<div class=\"elementor-column elementor-col-50 elementor-top-column elementor-element elementor-element-5cf7149\" data-id=\"5cf7149\" data-element_type=\"column\" data-e-type=\"column\">\n\t\t\t<div class=\"elementor-widget-wrap elementor-element-populated\">\n\t\t\t\t\t\t<div class=\"elementor-element elementor-element-ccd725d elementor-widget elementor-widget-hub_fancy_heading lqd-el-has-inner-anim\" data-id=\"ccd725d\" data-element_type=\"widget\" data-e-type=\"widget\" data-settings=\"{&quot;enable_split&quot;:&quot;true&quot;,&quot;split_type&quot;:&quot;words&quot;}\" data-widget_type=\"hub_fancy_heading.default\">\n\t\t\t\t<div class=\"elementor-widget-container\">\n\t\t\t\t\t\n\t\t<div id=\"ld-fancy-heading-69e08851db78d\" class=\"ld-fancy-heading pos-rel\">\n\t\t\t<h2 class=\"ld-fh-element d-inline-block pos-rel  elementor-heading-title lqd-highlight-classic lqd-highlight-grow-left lqd-split-words h2\"  data-split-text=\"true\" data-split-options='{\"type\":\"words\"}'> We organize and plan world class exhibitions that connect supply and demand of your target market.<\/h2>\t\t<\/div>\n\n\t\t\t\t\t\t<\/div>\n\t\t\t\t<\/div>\n\t\t\t\t<div class=\"elementor-element elementor-element-17438f0 elementor-widget elementor-widget-text-editor\" data-id=\"17438f0\" data-element_type=\"widget\" data-e-type=\"widget\" data-widget_type=\"text-editor.default\">\n\t\t\t\t<div class=\"elementor-widget-container\">\n\t\t\t\t\t\t\t\t\t<p>Planning and organizing highly complex trade shows and exhibitions requires a dedicated team that has the experience to understand the different areas and execution times so that everything works correctly.<\/p>\n<p>We become your ally and work team to manage and execute all the necessary areas so that your trade show or exhibition can meet the expectations and objectives of your audience.<\/p>\n\t\t\t\t\t\t\t\t<\/div>\n\t\t\t\t<\/div>\n\t\t\t\t<div class=\"elementor-element elementor-element-4a342f8 elementor-widget-divider--view-line elementor-widget elementor-widget-divider\" data-id=\"4a342f8\" data-element_type=\"widget\" data-e-type=\"widget\" data-widget_type=\"divider.default\">\n\t\t\t\t<div class=\"elementor-widget-container\">\n\t\t\t\t\t\t\t<div class=\"elementor-divider\">\n\t\t\t<span class=\"elementor-divider-separator\">\n\t\t\t\t\t\t<\/span>\n\t\t<\/div>\n\t\t\t\t\t\t<\/div>\n\t\t\t\t<\/div>\n\t\t\t\t<div class=\"elementor-element elementor-element-d201220 elementor-widget elementor-widget-hub_fancy_heading\" data-id=\"d201220\" data-element_type=\"widget\" data-e-type=\"widget\" data-widget_type=\"hub_fancy_heading.default\">\n\t\t\t\t<div class=\"elementor-widget-container\">\n\t\t\t\t\t\n\t\t<div id=\"ld-fancy-heading-69e08851dd7cf\" class=\"ld-fancy-heading pos-rel\">\n\t\t\t<h2 class=\"ld-fh-element d-inline-block pos-rel  elementor-heading-title lqd-highlight-classic lqd-highlight-grow-left h2\"  data-text-rotator=\"true\" data-inview=\"true\" data-transition-delay=\"true\" data-delay-options=\"{&quot;elements&quot;:&quot;.lqd-highlight-inner&quot;,&quot;delayType&quot;:&quot;transition&quot;}\" >  <span class=\"txt-rotate-keywords\"><span class=\"txt-rotate-keyword active\" ><span>We organize<\/span><\/span><span class=\"txt-rotate-keyword\" ><span>We design<\/span><\/span><span class=\"txt-rotate-keyword\" ><span>We plan<\/span><\/span><span class=\"txt-rotate-keyword\" ><span>We execute<\/span><\/span><\/span><\/h2>\t\t<\/div>\n\n\t\t\t\t\t\t<\/div>\n\t\t\t\t<\/div>\n\t\t\t\t<section class=\"elementor-section elementor-inner-section elementor-element elementor-element-3b64cf4 elementor-section-boxed elementor-section-height-default elementor-section-height-default\" data-id=\"3b64cf4\" data-element_type=\"section\" data-e-type=\"section\">\n\t\t\t\t\t\t\t<div class=\"elementor-background-overlay\"><\/div>\n\t\t\t\t\t\t\t<div class=\"elementor-container elementor-column-gap-default\">\n\t\t\t\t\t<div class=\"elementor-column elementor-col-50 elementor-inner-column elementor-element elementor-element-c8607c4\" data-id=\"c8607c4\" data-element_type=\"column\" data-e-type=\"column\">\n\t\t\t<div class=\"elementor-widget-wrap elementor-element-populated\">\n\t\t\t\t\t\t<div class=\"elementor-element elementor-element-5fd1835 elementor-widget elementor-widget-ld_list\" data-id=\"5fd1835\" data-element_type=\"widget\" data-e-type=\"widget\" data-widget_type=\"ld_list.default\">\n\t\t\t\t<div class=\"elementor-widget-container\">\n\t\t\t\t\t\t\t\n\t\t<div class=\"lqd-bullet-list\">\n\t\t\t<ul class=\"bullet-list-ul reset-ul \">\n\t\t\t\t\t\t\t\t\t\t<li class=\"d-flex align-items-center\">Exhibitions<\/li>\n\t\t\t\t\t\t\t\t\t\t<li class=\"d-flex align-items-center\">Tradeshows<\/li>\n\t\t\t\t\t\t\t\t\t\t<li class=\"d-flex align-items-center\">Sales<\/li>\n\t\t\t\t\t\t\t\t\t\t<li class=\"d-flex align-items-center\">Booth construction<\/li>\n\t\t\t\t\t\t\t\t\t\t<li class=\"d-flex align-items-center\">Business meetings<\/li>\n\t\t\t\t\t\t\t\t\t\t<li class=\"d-flex align-items-center\">Simultaneous events<\/li>\n\t\t\t\t\t\t\t<\/ul>\n\t\t<\/div>\n\n\t\t\t\t\t\t<\/div>\n\t\t\t\t<\/div>\n\t\t\t\t\t<\/div>\n\t\t<\/div>\n\t\t\t\t<div class=\"elementor-column elementor-col-50 elementor-inner-column elementor-element elementor-element-76175dc\" data-id=\"76175dc\" data-element_type=\"column\" data-e-type=\"column\">\n\t\t\t<div class=\"elementor-widget-wrap elementor-element-populated\">\n\t\t\t\t\t\t<div class=\"elementor-element elementor-element-3a5b982 elementor-widget elementor-widget-ld_list\" data-id=\"3a5b982\" data-element_type=\"widget\" data-e-type=\"widget\" data-widget_type=\"ld_list.default\">\n\t\t\t\t<div class=\"elementor-widget-container\">\n\t\t\t\t\t\t\t\n\t\t<div class=\"lqd-bullet-list\">\n\t\t\t<ul class=\"bullet-list-ul reset-ul \">\n\t\t\t\t\t\t\t\t\t\t<li class=\"d-flex align-items-center\">Exhibition management<\/li>\n\t\t\t\t\t\t\t\t\t\t<li class=\"d-flex align-items-center\">Networking<\/li>\n\t\t\t\t\t\t\t\t\t\t<li class=\"d-flex align-items-center\">Booths production<\/li>\n\t\t\t\t\t\t\t\t\t\t<li class=\"d-flex align-items-center\">Lead generation<\/li>\n\t\t\t\t\t\t\t\t\t\t<li class=\"d-flex align-items-center\">Press conferences<\/li>\n\t\t\t\t\t\t\t\t\t\t<li class=\"d-flex align-items-center\">Staging and production<\/li>\n\t\t\t\t\t\t\t<\/ul>\n\t\t<\/div>\n\n\t\t\t\t\t\t<\/div>\n\t\t\t\t<\/div>\n\t\t\t\t\t<\/div>\n\t\t<\/div>\n\t\t\t\t\t<\/div>\n\t\t<\/section>\n\t\t\t\t<div class=\"elementor-element elementor-element-100658b elementor-widget-divider--view-line elementor-widget elementor-widget-divider\" data-id=\"100658b\" data-element_type=\"widget\" data-e-type=\"widget\" data-widget_type=\"divider.default\">\n\t\t\t\t<div class=\"elementor-widget-container\">\n\t\t\t\t\t\t\t<div class=\"elementor-divider\">\n\t\t\t<span class=\"elementor-divider-separator\">\n\t\t\t\t\t\t<\/span>\n\t\t<\/div>\n\t\t\t\t\t\t<\/div>\n\t\t\t\t<\/div>\n\t\t\t\t\t<\/div>\n\t\t<\/div>\n\t\t\t\t\t<\/div>\n\t\t<\/section>\n\t\t\t\t<\/div>\n\t\t","protected":false},"excerpt":{"rendered":"<p>What we do Experi\u00eancias de marca Eventos e Congressos Comunica\u00e7\u00e3o estrat\u00e9gica Feiras e Exposi\u00e7\u00f5es Conven\u00e7\u00f5es e viagens de incentivo Eventos e plataformas virtuais We organize and plan world class exhibitions that connect supply and demand of your target market. Planning and organizing highly complex trade shows and exhibitions requires a dedicated team that has the [&hellip;]<\/p>\n","protected":false},"author":1,"featured_media":0,"parent":7989,"menu_order":0,"comment_status":"closed","ping_status":"closed","template":"","meta":{"footnotes":""},"class_list":["post-8001","page","type-page","status-publish","hentry"],"yoast_head":"<!-- This site is optimized with the Yoast SEO plugin v27.0 - https:\/\/yoast.com\/product\/yoast-seo-wordpress\/ -->\n<title>Trade shows &amp; exhibitions - Comunicaciones Efectivas<\/title>\n<meta name=\"robots\" content=\"index, follow, max-snippet:-1, max-image-preview:large, max-video-preview:-1\" \/>\n<link rel=\"canonical\" href=\"https:\/\/www.ce.com.co\/en\/servicios\/trade-shows-exhibitions\/\" \/>\n<meta property=\"og:locale\" content=\"en_US\" \/>\n<meta property=\"og:type\" content=\"article\" \/>\n<meta property=\"og:title\" content=\"Trade shows &amp; exhibitions - Comunicaciones Efectivas\" \/>\n<meta property=\"og:description\" content=\"What we do Experi\u00eancias de marca Eventos e Congressos Comunica\u00e7\u00e3o estrat\u00e9gica Feiras e Exposi\u00e7\u00f5es Conven\u00e7\u00f5es e viagens de incentivo Eventos e plataformas virtuais We organize and plan world class exhibitions that connect supply and demand of your target market. Planning and organizing highly complex trade shows and exhibitions requires a dedicated team that has the [&hellip;]\" \/>\n<meta property=\"og:url\" content=\"https:\/\/www.ce.com.co\/en\/servicios\/trade-shows-exhibitions\/\" \/>\n<meta property=\"og:site_name\" content=\"Comunicaciones Efectivas\" \/>\n<meta property=\"article:publisher\" content=\"https:\/\/www.facebook.com\/comunicaciones.efectivas\/\" \/>\n<meta property=\"article:modified_time\" content=\"2022-09-17T01:28:13+00:00\" \/>\n<meta name=\"twitter:card\" content=\"summary_large_image\" \/>\n<meta name=\"twitter:site\" content=\"@cefectivas\" \/>\n<meta name=\"twitter:label1\" content=\"Est. reading time\" \/>\n\t<meta name=\"twitter:data1\" content=\"1 minute\" \/>\n<script type=\"application\/ld+json\" class=\"yoast-schema-graph\">{\"@context\":\"https:\/\/schema.org\",\"@graph\":[{\"@type\":\"WebPage\",\"@id\":\"https:\/\/www.ce.com.co\/en\/servicios\/trade-shows-exhibitions\/\",\"url\":\"https:\/\/www.ce.com.co\/en\/servicios\/trade-shows-exhibitions\/\",\"name\":\"Trade shows &amp; exhibitions - Comunicaciones Efectivas\",\"isPartOf\":{\"@id\":\"https:\/\/www.ce.com.co\/en\/#website\"},\"datePublished\":\"2022-08-28T21:59:34+00:00\",\"dateModified\":\"2022-09-17T01:28:13+00:00\",\"breadcrumb\":{\"@id\":\"https:\/\/www.ce.com.co\/en\/servicios\/trade-shows-exhibitions\/#breadcrumb\"},\"inLanguage\":\"en-US\",\"potentialAction\":[{\"@type\":\"ReadAction\",\"target\":[\"https:\/\/www.ce.com.co\/en\/servicios\/trade-shows-exhibitions\/\"]}]},{\"@type\":\"BreadcrumbList\",\"@id\":\"https:\/\/www.ce.com.co\/en\/servicios\/trade-shows-exhibitions\/#breadcrumb\",\"itemListElement\":[{\"@type\":\"ListItem\",\"position\":1,\"name\":\"Inicio\",\"item\":\"https:\/\/www.ce.com.co\/en\/\"},{\"@type\":\"ListItem\",\"position\":2,\"name\":\"Services\",\"item\":\"https:\/\/www.ce.com.co\/en\/servicios\/\"},{\"@type\":\"ListItem\",\"position\":3,\"name\":\"Trade shows &amp; exhibitions\"}]},{\"@type\":\"WebSite\",\"@id\":\"https:\/\/www.ce.com.co\/en\/#website\",\"url\":\"https:\/\/www.ce.com.co\/en\/\",\"name\":\"Comunicaciones Efectivas\",\"description\":\"Comunicaciones Efectivas \u2013 Somos una organizaci\u00f3n con m\u00e1s de 30 a\u00f1os de experiencia ofreciendo soluciones para gesti\u00f3n y organizaci\u00f3n profesional de congresos, eventos, reuniones, convenciones y viajes de incentivos para asociaciones, agencias\/entes gubernamentales y empresas del sector privado.\",\"publisher\":{\"@id\":\"https:\/\/www.ce.com.co\/en\/#organization\"},\"potentialAction\":[{\"@type\":\"SearchAction\",\"target\":{\"@type\":\"EntryPoint\",\"urlTemplate\":\"https:\/\/www.ce.com.co\/en\/?s={search_term_string}\"},\"query-input\":{\"@type\":\"PropertyValueSpecification\",\"valueRequired\":true,\"valueName\":\"search_term_string\"}}],\"inLanguage\":\"en-US\"},{\"@type\":\"Organization\",\"@id\":\"https:\/\/www.ce.com.co\/en\/#organization\",\"name\":\"Comunicaciones Efectivas\",\"url\":\"https:\/\/www.ce.com.co\/en\/\",\"logo\":{\"@type\":\"ImageObject\",\"inLanguage\":\"en-US\",\"@id\":\"https:\/\/www.ce.com.co\/en\/#\/schema\/logo\/image\/\",\"url\":\"https:\/\/www.ce.com.co\/wp-content\/uploads\/2021\/08\/220809-logo.png\",\"contentUrl\":\"https:\/\/www.ce.com.co\/wp-content\/uploads\/2021\/08\/220809-logo.png\",\"width\":400,\"height\":400,\"caption\":\"Comunicaciones Efectivas\"},\"image\":{\"@id\":\"https:\/\/www.ce.com.co\/en\/#\/schema\/logo\/image\/\"},\"sameAs\":[\"https:\/\/www.facebook.com\/comunicaciones.efectivas\/\",\"https:\/\/x.com\/cefectivas\"]}]}<\/script>\n<!-- \/ Yoast SEO plugin. -->","yoast_head_json":{"title":"Trade shows &amp; exhibitions - Comunicaciones Efectivas","robots":{"index":"index","follow":"follow","max-snippet":"max-snippet:-1","max-image-preview":"max-image-preview:large","max-video-preview":"max-video-preview:-1"},"canonical":"https:\/\/www.ce.com.co\/en\/servicios\/trade-shows-exhibitions\/","og_locale":"en_US","og_type":"article","og_title":"Trade shows &amp; exhibitions - Comunicaciones Efectivas","og_description":"What we do Experi\u00eancias de marca Eventos e Congressos Comunica\u00e7\u00e3o estrat\u00e9gica Feiras e Exposi\u00e7\u00f5es Conven\u00e7\u00f5es e viagens de incentivo Eventos e plataformas virtuais We organize and plan world class exhibitions that connect supply and demand of your target market. Planning and organizing highly complex trade shows and exhibitions requires a dedicated team that has the [&hellip;]","og_url":"https:\/\/www.ce.com.co\/en\/servicios\/trade-shows-exhibitions\/","og_site_name":"Comunicaciones Efectivas","article_publisher":"https:\/\/www.facebook.com\/comunicaciones.efectivas\/","article_modified_time":"2022-09-17T01:28:13+00:00","twitter_card":"summary_large_image","twitter_site":"@cefectivas","twitter_misc":{"Est. reading time":"1 minute"},"schema":{"@context":"https:\/\/schema.org","@graph":[{"@type":"WebPage","@id":"https:\/\/www.ce.com.co\/en\/servicios\/trade-shows-exhibitions\/","url":"https:\/\/www.ce.com.co\/en\/servicios\/trade-shows-exhibitions\/","name":"Trade shows &amp; exhibitions - Comunicaciones Efectivas","isPartOf":{"@id":"https:\/\/www.ce.com.co\/en\/#website"},"datePublished":"2022-08-28T21:59:34+00:00","dateModified":"2022-09-17T01:28:13+00:00","breadcrumb":{"@id":"https:\/\/www.ce.com.co\/en\/servicios\/trade-shows-exhibitions\/#breadcrumb"},"inLanguage":"en-US","potentialAction":[{"@type":"ReadAction","target":["https:\/\/www.ce.com.co\/en\/servicios\/trade-shows-exhibitions\/"]}]},{"@type":"BreadcrumbList","@id":"https:\/\/www.ce.com.co\/en\/servicios\/trade-shows-exhibitions\/#breadcrumb","itemListElement":[{"@type":"ListItem","position":1,"name":"Inicio","item":"https:\/\/www.ce.com.co\/en\/"},{"@type":"ListItem","position":2,"name":"Services","item":"https:\/\/www.ce.com.co\/en\/servicios\/"},{"@type":"ListItem","position":3,"name":"Trade shows &amp; exhibitions"}]},{"@type":"WebSite","@id":"https:\/\/www.ce.com.co\/en\/#website","url":"https:\/\/www.ce.com.co\/en\/","name":"Comunicaciones Efectivas","description":"Comunicaciones Efectivas \u2013 Somos una organizaci\u00f3n con m\u00e1s de 30 a\u00f1os de experiencia ofreciendo soluciones para gesti\u00f3n y organizaci\u00f3n profesional de congresos, eventos, reuniones, convenciones y viajes de incentivos para asociaciones, agencias\/entes gubernamentales y empresas del sector privado.","publisher":{"@id":"https:\/\/www.ce.com.co\/en\/#organization"},"potentialAction":[{"@type":"SearchAction","target":{"@type":"EntryPoint","urlTemplate":"https:\/\/www.ce.com.co\/en\/?s={search_term_string}"},"query-input":{"@type":"PropertyValueSpecification","valueRequired":true,"valueName":"search_term_string"}}],"inLanguage":"en-US"},{"@type":"Organization","@id":"https:\/\/www.ce.com.co\/en\/#organization","name":"Comunicaciones Efectivas","url":"https:\/\/www.ce.com.co\/en\/","logo":{"@type":"ImageObject","inLanguage":"en-US","@id":"https:\/\/www.ce.com.co\/en\/#\/schema\/logo\/image\/","url":"https:\/\/www.ce.com.co\/wp-content\/uploads\/2021\/08\/220809-logo.png","contentUrl":"https:\/\/www.ce.com.co\/wp-content\/uploads\/2021\/08\/220809-logo.png","width":400,"height":400,"caption":"Comunicaciones Efectivas"},"image":{"@id":"https:\/\/www.ce.com.co\/en\/#\/schema\/logo\/image\/"},"sameAs":["https:\/\/www.facebook.com\/comunicaciones.efectivas\/","https:\/\/x.com\/cefectivas"]}]}},"_links":{"self":[{"href":"https:\/\/www.ce.com.co\/en\/wp-json\/wp\/v2\/pages\/8001","targetHints":{"allow":["GET"]}}],"collection":[{"href":"https:\/\/www.ce.com.co\/en\/wp-json\/wp\/v2\/pages"}],"about":[{"href":"https:\/\/www.ce.com.co\/en\/wp-json\/wp\/v2\/types\/page"}],"author":[{"embeddable":true,"href":"https:\/\/www.ce.com.co\/en\/wp-json\/wp\/v2\/users\/1"}],"replies":[{"embeddable":true,"href":"https:\/\/www.ce.com.co\/en\/wp-json\/wp\/v2\/comments?post=8001"}],"version-history":[{"count":7,"href":"https:\/\/www.ce.com.co\/en\/wp-json\/wp\/v2\/pages\/8001\/revisions"}],"predecessor-version":[{"id":8549,"href":"https:\/\/www.ce.com.co\/en\/wp-json\/wp\/v2\/pages\/8001\/revisions\/8549"}],"up":[{"embeddable":true,"href":"https:\/\/www.ce.com.co\/en\/wp-json\/wp\/v2\/pages\/7989"}],"wp:attachment":[{"href":"https:\/\/www.ce.com.co\/en\/wp-json\/wp\/v2\/media?parent=8001"}],"curies":[{"name":"wp","href":"https:\/\/api.w.org\/{rel}","templated":true}]}}